{"id":5288,"date":"2024-10-24T11:40:19","date_gmt":"2024-10-24T11:40:19","guid":{"rendered":"https:\/\/ancei.com\/investir-dans-des-biens-immobiliers\/"},"modified":"2024-10-24T11:40:20","modified_gmt":"2024-10-24T11:40:20","slug":"investir-dans-des-biens-immobiliers","status":"publish","type":"page","link":"https:\/\/ancei.com\/fr\/investir-dans-des-biens-immobiliers\/","title":{"rendered":"Investir dans des biens immobiliers"},"content":{"rendered":"<p>[et_pb_section fb_built=\u00a0\u00bb1&Prime; custom_padding_last_edited=\u00a0\u00bbon|phone\u00a0\u00bb _builder_version=\u00a0\u00bb4.7.4&Prime; background_color=\u00a0\u00bb#333333&Prime; background_enable_image=\u00a0\u00bboff\u00a0\u00bb custom_padding=\u00a0\u00bb60px||60px||true|\u00a0\u00bb custom_padding_tablet=\u00a0\u00bb\u00a0\u00bb custom_padding_phone=\u00a0\u00bb30px||30px||true|false\u00a0\u00bb][et_pb_row _builder_version=\u00a0\u00bb4.7.4&Prime; custom_padding=\u00a0\u00bb30px||20px||false|false\u00a0\u00bb][et_pb_column type=\u00a0\u00bb4_4&Prime; _builder_version=\u00a0\u00bb4.4.5&Prime;][et_pb_text content_phone=\u00a0\u00bb<\/p>\n<h1 style=%22text-align: center;%22><span style=%22color: #ffffff;%22>OBLIGATIONS FISCALES POUR R\u00c9SIDENTS ET NON-R\u00c9SIDENTS<\/span><\/h1>\n<p>\u00a0\u00bb content_last_edited=\u00a0\u00bboff|desktop\u00a0\u00bb admin_label=\u00a0\u00bbTitle\u00a0\u00bb _builder_version=\u00a0\u00bb4.7.4&Prime; text_font=\u00a0\u00bb||||||||\u00a0\u00bb header_font=\u00a0\u00bbRaleway|900|||||||\u00a0\u00bb header_font_size=\u00a0\u00bb60px\u00a0\u00bb header_line_height=\u00a0\u00bb1.5em\u00a0\u00bb header_2_font=\u00a0\u00bbRaleway|900|||||||\u00a0\u00bb header_2_text_align=\u00a0\u00bbcenter\u00a0\u00bb header_2_font_size=\u00a0\u00bb40px\u00a0\u00bb header_2_letter_spacing=\u00a0\u00bb2px\u00a0\u00bb header_2_line_height=\u00a0\u00bb1.25em\u00a0\u00bb module_alignment=\u00a0\u00bbcenter\u00a0\u00bb custom_margin=\u00a0\u00bb||||false|false\u00a0\u00bb custom_padding=\u00a0\u00bb|||\u00a0\u00bb animation_style=\u00a0\u00bbfade\u00a0\u00bb header_font_size_tablet=\u00a0\u00bb\u00a0\u00bb header_font_size_phone=\u00a0\u00bb30px\u00a0\u00bb header_font_size_last_edited=\u00a0\u00bbon|phone\u00a0\u00bb header_2_font_size_tablet=\u00a0\u00bb40px\u00a0\u00bb header_2_font_size_phone=\u00a0\u00bb\u00a0\u00bb header_2_font_size_last_edited=\u00a0\u00bbon|tablet\u00a0\u00bb]<\/p>\n<h1 style=\"text-align: left;\"><span style=\"color: #ffffff;\">IMMOBILIER OU INVESTIR EN ANDORRE<\/span><\/h1>\n<p>[\/et_pb_text][\/et_pb_column][\/et_pb_row][\/et_pb_section][et_pb_section fb_built=\u00a0\u00bb1&Prime; admin_label=\u00a0\u00bbService Section\u00a0\u00bb _builder_version=\u00a0\u00bb4.4.5&Prime; background_color=\u00a0\u00bb#ffffff\u00a0\u00bb background_enable_image=\u00a0\u00bboff\u00a0\u00bb background_position=\u00a0\u00bbtop_right\u00a0\u00bb custom_padding=\u00a0\u00bb60px||60px||true|\u00a0\u00bb][et_pb_row admin_label=\u00a0\u00bbDomaine de comp\u00e9tence\u00a0\u00bb _builder_version=\u00a0\u00bb4.4.5&Prime; custom_padding=\u00a0\u00bb0px||0px|||\u00a0\u00bb][et_pb_column type=\u00a0\u00bb4_4&Prime; _builder_version=\u00a0\u00bb3.25&Prime; custom_padding=\u00a0\u00bb|||\u00a0\u00bb custom_padding__hover=\u00a0\u00bb|||\u00a0\u00bb][et_pb_text _builder_version=\u00a0\u00bb4.7.4&Prime; text_font=\u00a0\u00bbLato||||||||\u00a0\u00bb text_font_size=\u00a0\u00bb20px\u00a0\u00bb text_line_height=\u00a0\u00bb2em\u00a0\u00bb header_2_font=\u00a0\u00bbRaleway|900|||||||\u00a0\u00bb header_2_text_align=\u00a0\u00bbcenter\u00a0\u00bb header_2_text_color=\u00a0\u00bb#b01f58&Prime; header_2_font_size=\u00a0\u00bb40px\u00a0\u00bb header_2_line_height=\u00a0\u00bb1.5em\u00a0\u00bb header_3_font=\u00a0\u00bbRaleway|900|||||||\u00a0\u00bb header_3_text_align=\u00a0\u00bbcenter\u00a0\u00bb header_3_text_color=\u00a0\u00bb#b01f58&Prime; header_3_font_size=\u00a0\u00bb28px\u00a0\u00bb header_3_line_height=\u00a0\u00bb1.5em\u00a0\u00bb text_orientation=\u00a0\u00bbjustified\u00a0\u00bb custom_margin=\u00a0\u00bb||0px||false|false\u00a0\u00bb text_font_size_tablet=\u00a0\u00bb\u00a0\u00bb text_font_size_phone=\u00a0\u00bb18px\u00a0\u00bb text_font_size_last_edited=\u00a0\u00bbon|phone\u00a0\u00bb header_3_font_size_phone=\u00a0\u00bb20px\u00a0\u00bb header_3_font_size_last_edited=\u00a0\u00bboff|desktop\u00a0\u00bb text_orientation_tablet=\u00a0\u00bb\u00a0\u00bb text_orientation_phone=\u00a0\u00bbleft\u00a0\u00bb text_orientation_last_edited=\u00a0\u00bbon|desktop\u00a0\u00bb]<\/p>\n<p>L&rsquo;Andorre est consid\u00e9r\u00e9e, au niveau international, comme<strong> l&rsquo;un des meilleurs pays o\u00f9 vivre et prendre sa retraite<\/strong> en raison de sa qualit\u00e9 de vie. Actuellement, elle attire des personnes avec un pouvoir d&rsquo;achat \u00e9lev\u00e9, des dirigeants et des professionnels d&rsquo;entreprises internationales, des sportifs de renom, ou tout simplement des personnes ayant trouv\u00e9 en Andorre un endroit id\u00e9al pour se retirer, entre autres. En effet, nombreux sont ceux qui viennent pour les avantages fiscaux offerts par le pays et qui restent pour la vie andorrane.<\/p>\n<p>90 % du territoire andorran est constitu\u00e9 d&rsquo;<strong>une nature vierge<\/strong> : montagnes, for\u00eats, rivi\u00e8res et lacs composent son paysage. De plus, l&rsquo;Andorre poss\u00e8de u<strong>n vaste et riche catalogue d&rsquo;architecture et d&rsquo;art roman<\/strong>, inscrit au patrimoine mondial de l&rsquo;UNESCO, et est le deuxi\u00e8me pays au monde avec le plus de mus\u00e9es par m\u00e8tre carr\u00e9. Par cons\u00e9quent, c&rsquo;est un pays riche en nature et en culture. En outre, l&rsquo;Andorre est l&rsquo;<strong>un des pays les plus s\u00fbrs au monde<\/strong>, dispose d&rsquo;un excellent syst\u00e8me de sant\u00e9 et offre une large gamme d&rsquo;options \u00e9ducatives, avec des mod\u00e8les d&rsquo;enseignement andorran, espagnol, fran\u00e7ais et britannique.<\/p>\n<p>En Andorre, quelle que soit le <a href=\"https:\/\/ancei.com\/fr\/permis-de-residence-active-et-passive\/\">type de r\u00e9sidence<\/a>\u00a0 que l&rsquo;on souhaite obtenir, on trouvera le logement qui convient le mieux \u00e0 ses besoins. Cette offre inclut, par exemple, des propri\u00e9t\u00e9s exclusives et haut de gamme, situ\u00e9es en milieu urbain ou dans des environnements tranquilles et idylliques, entour\u00e9s de nature. De plus, le <a href=\"https:\/\/ancei.com\/fr\/changement-de-residence-fiscale-en-andorre\/\">cadre fiscal comp\u00e9titif<\/a> de Andorre, ainsi que la forte et croissante demande de biens immobiliers, tant r\u00e9sidentiels que touristiques, rendent tr\u00e8s int\u00e9ressant l&rsquo;investissement immobilier en Andorre.<\/p>\n<p>Les experts du secteur immobilier en Andorre (regroup\u00e9s au sein du\u00a0<a href=\"https:\/\/www.agia.ad\/\" rel=\"nofollow noopener\" target=\"_blank\">Coll\u00e8ge Professionnel des Agents et Gestionnaires Immobiliers<\/a>)\u00a0vous aideront \u00e0 trouver l&rsquo;appartement, le logement ou la maison \u00e0 louer, acheter ou vendre qui correspond le mieux \u00e0 vos besoins.<\/p>\n<p>[\/et_pb_text][\/et_pb_column][\/et_pb_row][\/et_pb_section][et_pb_section fb_built=\u00a0\u00bb1&Prime; fullwidth=\u00a0\u00bbon\u00a0\u00bb _builder_version=\u00a0\u00bb4.7.4&Prime; _module_preset=\u00a0\u00bbdefault\u00a0\u00bb][et_pb_fullwidth_image src=\u00a0\u00bbhttps:\/\/ancei.com\/wp-content\/uploads\/2021\/03\/Montan\u0303a-Andorra-ANCEI.png\u00a0\u00bb title_text=\u00a0\u00bbMontagne Andorrane | ANCEI.\u00a0\u00bb _builder_version=\u00a0\u00bb4.9.1&Prime; _module_preset=\u00a0\u00bbdefault\u00a0\u00bb][\/et_pb_fullwidth_image][\/et_pb_section][et_pb_section fb_built=\u00a0\u00bb1&Prime; _builder_version=\u00a0\u00bb4.4.5&Prime; background_color=\u00a0\u00bb#f4f4f4&Prime; background_enable_image=\u00a0\u00bboff\u00a0\u00bb background_position=\u00a0\u00bbtop_center\u00a0\u00bb custom_padding=\u00a0\u00bb60px||60px||true|\u00a0\u00bb][et_pb_row admin_label=\u00a0\u00bbDomaine de comp\u00e9tence\u00a0\u00bb _builder_version=\u00a0\u00bb3.25&Prime; custom_padding=\u00a0\u00bb0px||30px|||\u00a0\u00bb][et_pb_column type=\u00a0\u00bb4_4&Prime; _builder_version=\u00a0\u00bb3.25&Prime; custom_padding=\u00a0\u00bb|||\u00a0\u00bb custom_padding__hover=\u00a0\u00bb|||\u00a0\u00bb][et_pb_text content_phone=\u00a0\u00bb<\/p>\n<h2>NOUS CALCULONS COMBIEN VOUS POURRIEZ \u00c9CONOMISER EN CHANGEANT VOTRE R\u00c9SIDENCE FISCALE EN ANDORRE<\/h2>\n<p>\u00a0\u00bb content_last_edited=\u00a0\u00bboff|phone\u00a0\u00bb admin_label=\u00a0\u00bbTitle\u00a0\u00bb _builder_version=\u00a0\u00bb4.7.4&Prime; text_font=\u00a0\u00bb||||||||\u00a0\u00bb header_font=\u00a0\u00bb||||||||\u00a0\u00bb header_2_font=\u00a0\u00bbRaleway|900|||||||\u00a0\u00bb header_2_text_align=\u00a0\u00bbcenter\u00a0\u00bb header_2_font_size=\u00a0\u00bb40px\u00a0\u00bb header_2_line_height=\u00a0\u00bb1.5em\u00a0\u00bb module_alignment=\u00a0\u00bbcenter\u00a0\u00bb custom_margin=\u00a0\u00bb||10px|\u00a0\u00bb custom_padding=\u00a0\u00bb|||\u00a0\u00bb header_2_font_size_tablet=\u00a0\u00bb40px\u00a0\u00bb header_2_font_size_phone=\u00a0\u00bb30px\u00a0\u00bb header_2_font_size_last_edited=\u00a0\u00bbon|phone\u00a0\u00bb]<\/p>\n<h2>NOUS VOUS AIDONS \u00c0 INVESTIR EN\u00a0 ANDORRE<\/h2>\n<p>[\/et_pb_text][et_pb_divider divider_position=\u00a0\u00bbcenter\u00a0\u00bb divider_weight=\u00a0\u00bb3px\u00a0\u00bb _builder_version=\u00a0\u00bb4.9.1&Prime; max_width=\u00a0\u00bb70px\u00a0\u00bb module_alignment=\u00a0\u00bbcenter\u00a0\u00bb custom_margin=\u00a0\u00bb||10px||false|false\u00a0\u00bb animation_direction=\u00a0\u00bbtop\u00a0\u00bb locked=\u00a0\u00bboff\u00a0\u00bb][\/et_pb_divider][\/et_pb_column][\/et_pb_row][et_pb_row _builder_version=\u00a0\u00bb4.4.5&Prime; custom_padding=\u00a0\u00bb0px||0px|||\u00a0\u00bb][et_pb_column type=\u00a0\u00bb4_4&Prime; _builder_version=\u00a0\u00bb4.4.5&Prime;][et_pb_contact_form use_spam_service=\u00a0\u00bbon\u00a0\u00bb recaptcha_list=\u00a0\u00bbANCEI|ANCEI-0&Prime; email=\u00a0\u00bbcontacte@ancei.com\u00a0\u00bb custom_message=\u00a0\u00bbFORMULARIO M\u00d3DULO REAL STATE O INVERTIR EN INMUEBLES||et_pb_line_break_holder||Nombre: %%Nombre%% %%Apellido%%||et_pb_line_break_holder||Email: %%Email%%||et_pb_line_break_holder||M\u00f3vil: %%Tel\u00e9fono%%||et_pb_line_break_holder||Mensaje: %%Mensaje%%\u00a0\u00bb success_message=\u00a0\u00bbMerci de contacter l&#039;\u00e9quipe d&#039;ANCEI ! Nous vous contacterons bient\u00f4t.\u00a0\u00bb submit_button_text=\u00a0\u00bbCONTACTER\u00a0\u00bb _builder_version=\u00a0\u00bb4.9.1&Prime; form_field_background_color=\u00a0\u00bb#ffffff\u00a0\u00bb form_field_font=\u00a0\u00bbLato||||||||\u00a0\u00bb form_field_font_size=\u00a0\u00bb18px\u00a0\u00bb custom_button=\u00a0\u00bbon\u00a0\u00bb button_text_size=\u00a0\u00bb20px\u00a0\u00bb button_text_color=\u00a0\u00bb#ffffff\u00a0\u00bb button_bg_color=\u00a0\u00bb#b01f58&Prime; button_border_width=\u00a0\u00bb0px\u00a0\u00bb button_border_color=\u00a0\u00bb#ffffff\u00a0\u00bb button_border_radius=\u00a0\u00bb5px\u00a0\u00bb button_letter_spacing=\u00a0\u00bb2px\u00a0\u00bb button_font=\u00a0\u00bbRaleway||||||||\u00a0\u00bb button_icon=\u00a0\u00bb%%246%%\u00a0\u00bb button_custom_margin=\u00a0\u00bb15px||||false|false\u00a0\u00bb button_custom_padding=\u00a0\u00bb10px||10px||false|false\u00a0\u00bb button_text_size_tablet=\u00a0\u00bb\u00a0\u00bb button_text_size_phone=\u00a0\u00bb18px\u00a0\u00bb button_text_size_last_edited=\u00a0\u00bbon|phone\u00a0\u00bb button_icon_placement_phone=\u00a0\u00bbright\u00a0\u00bb button_icon_placement_last_edited=\u00a0\u00bboff|phone\u00a0\u00bb custom_css_before_last_edited=\u00a0\u00bboff|phone\u00a0\u00bb][et_pb_contact_field field_id=\u00a0\u00bbNombre\u00a0\u00bb field_title=\u00a0\u00bbNom\u00a0\u00bb _builder_version=\u00a0\u00bb4.4.5&Prime; button_text_size__hover_enabled=\u00a0\u00bboff\u00a0\u00bb button_one_text_size__hover_enabled=\u00a0\u00bboff\u00a0\u00bb button_two_text_size__hover_enabled=\u00a0\u00bboff\u00a0\u00bb button_text_color__hover_enabled=\u00a0\u00bboff\u00a0\u00bb button_one_text_color__hover_enabled=\u00a0\u00bboff\u00a0\u00bb button_two_text_color__hover_enabled=\u00a0\u00bboff\u00a0\u00bb button_border_width__hover_enabled=\u00a0\u00bboff\u00a0\u00bb button_one_border_width__hover_enabled=\u00a0\u00bboff\u00a0\u00bb button_two_border_width__hover_enabled=\u00a0\u00bboff\u00a0\u00bb button_border_color__hover_enabled=\u00a0\u00bboff\u00a0\u00bb button_one_border_color__hover_enabled=\u00a0\u00bboff\u00a0\u00bb button_two_border_color__hover_enabled=\u00a0\u00bboff\u00a0\u00bb button_border_radius__hover_enabled=\u00a0\u00bboff\u00a0\u00bb button_one_border_radius__hover_enabled=\u00a0\u00bboff\u00a0\u00bb button_two_border_radius__hover_enabled=\u00a0\u00bboff\u00a0\u00bb button_letter_spacing__hover_enabled=\u00a0\u00bboff\u00a0\u00bb button_one_letter_spacing__hover_enabled=\u00a0\u00bboff\u00a0\u00bb button_two_letter_spacing__hover_enabled=\u00a0\u00bboff\u00a0\u00bb button_bg_color__hover_enabled=\u00a0\u00bboff\u00a0\u00bb button_one_bg_color__hover_enabled=\u00a0\u00bboff\u00a0\u00bb button_two_bg_color__hover_enabled=\u00a0\u00bboff\u00a0\u00bb][\/et_pb_contact_field][et_pb_contact_field field_id=\u00a0\u00bbApellido\u00a0\u00bb field_title=\u00a0\u00bbPr\u00e9nom\u00a0\u00bb _builder_version=\u00a0\u00bb4.4.5&Prime; button_text_size__hover_enabled=\u00a0\u00bboff\u00a0\u00bb button_one_text_size__hover_enabled=\u00a0\u00bboff\u00a0\u00bb button_two_text_size__hover_enabled=\u00a0\u00bboff\u00a0\u00bb button_text_color__hover_enabled=\u00a0\u00bboff\u00a0\u00bb button_one_text_color__hover_enabled=\u00a0\u00bboff\u00a0\u00bb button_two_text_color__hover_enabled=\u00a0\u00bboff\u00a0\u00bb button_border_width__hover_enabled=\u00a0\u00bboff\u00a0\u00bb button_one_border_width__hover_enabled=\u00a0\u00bboff\u00a0\u00bb button_two_border_width__hover_enabled=\u00a0\u00bboff\u00a0\u00bb button_border_color__hover_enabled=\u00a0\u00bboff\u00a0\u00bb button_one_border_color__hover_enabled=\u00a0\u00bboff\u00a0\u00bb button_two_border_color__hover_enabled=\u00a0\u00bboff\u00a0\u00bb button_border_radius__hover_enabled=\u00a0\u00bboff\u00a0\u00bb button_one_border_radius__hover_enabled=\u00a0\u00bboff\u00a0\u00bb button_two_border_radius__hover_enabled=\u00a0\u00bboff\u00a0\u00bb button_letter_spacing__hover_enabled=\u00a0\u00bboff\u00a0\u00bb button_one_letter_spacing__hover_enabled=\u00a0\u00bboff\u00a0\u00bb button_two_letter_spacing__hover_enabled=\u00a0\u00bboff\u00a0\u00bb button_bg_color__hover_enabled=\u00a0\u00bboff\u00a0\u00bb button_one_bg_color__hover_enabled=\u00a0\u00bboff\u00a0\u00bb button_two_bg_color__hover_enabled=\u00a0\u00bboff\u00a0\u00bb][\/et_pb_contact_field][et_pb_contact_field field_id=\u00a0\u00bbEmail\u00a0\u00bb field_title=\u00a0\u00bbEmail\u00a0\u00bb field_type=\u00a0\u00bbemail\u00a0\u00bb _builder_version=\u00a0\u00bb4.4.5&Prime; button_text_size__hover_enabled=\u00a0\u00bboff\u00a0\u00bb button_one_text_size__hover_enabled=\u00a0\u00bboff\u00a0\u00bb button_two_text_size__hover_enabled=\u00a0\u00bboff\u00a0\u00bb button_text_color__hover_enabled=\u00a0\u00bboff\u00a0\u00bb button_one_text_color__hover_enabled=\u00a0\u00bboff\u00a0\u00bb button_two_text_color__hover_enabled=\u00a0\u00bboff\u00a0\u00bb button_border_width__hover_enabled=\u00a0\u00bboff\u00a0\u00bb button_one_border_width__hover_enabled=\u00a0\u00bboff\u00a0\u00bb button_two_border_width__hover_enabled=\u00a0\u00bboff\u00a0\u00bb button_border_color__hover_enabled=\u00a0\u00bboff\u00a0\u00bb button_one_border_color__hover_enabled=\u00a0\u00bboff\u00a0\u00bb button_two_border_color__hover_enabled=\u00a0\u00bboff\u00a0\u00bb button_border_radius__hover_enabled=\u00a0\u00bboff\u00a0\u00bb button_one_border_radius__hover_enabled=\u00a0\u00bboff\u00a0\u00bb button_two_border_radius__hover_enabled=\u00a0\u00bboff\u00a0\u00bb button_letter_spacing__hover_enabled=\u00a0\u00bboff\u00a0\u00bb button_one_letter_spacing__hover_enabled=\u00a0\u00bboff\u00a0\u00bb button_two_letter_spacing__hover_enabled=\u00a0\u00bboff\u00a0\u00bb button_bg_color__hover_enabled=\u00a0\u00bboff\u00a0\u00bb button_one_bg_color__hover_enabled=\u00a0\u00bboff\u00a0\u00bb button_two_bg_color__hover_enabled=\u00a0\u00bboff\u00a0\u00bb][\/et_pb_contact_field][et_pb_contact_field field_id=\u00a0\u00bbTel\u00e9fono\u00a0\u00bb field_title=\u00a0\u00bbT\u00e9l\u00e9phone\u00a0\u00bb _builder_version=\u00a0\u00bb4.4.5&Prime; button_text_size__hover_enabled=\u00a0\u00bboff\u00a0\u00bb button_one_text_size__hover_enabled=\u00a0\u00bboff\u00a0\u00bb button_two_text_size__hover_enabled=\u00a0\u00bboff\u00a0\u00bb button_text_color__hover_enabled=\u00a0\u00bboff\u00a0\u00bb button_one_text_color__hover_enabled=\u00a0\u00bboff\u00a0\u00bb button_two_text_color__hover_enabled=\u00a0\u00bboff\u00a0\u00bb button_border_width__hover_enabled=\u00a0\u00bboff\u00a0\u00bb button_one_border_width__hover_enabled=\u00a0\u00bboff\u00a0\u00bb button_two_border_width__hover_enabled=\u00a0\u00bboff\u00a0\u00bb button_border_color__hover_enabled=\u00a0\u00bboff\u00a0\u00bb button_one_border_color__hover_enabled=\u00a0\u00bboff\u00a0\u00bb button_two_border_color__hover_enabled=\u00a0\u00bboff\u00a0\u00bb button_border_radius__hover_enabled=\u00a0\u00bboff\u00a0\u00bb button_one_border_radius__hover_enabled=\u00a0\u00bboff\u00a0\u00bb button_two_border_radius__hover_enabled=\u00a0\u00bboff\u00a0\u00bb button_letter_spacing__hover_enabled=\u00a0\u00bboff\u00a0\u00bb button_one_letter_spacing__hover_enabled=\u00a0\u00bboff\u00a0\u00bb button_two_letter_spacing__hover_enabled=\u00a0\u00bboff\u00a0\u00bb button_bg_color__hover_enabled=\u00a0\u00bboff\u00a0\u00bb button_one_bg_color__hover_enabled=\u00a0\u00bboff\u00a0\u00bb button_two_bg_color__hover_enabled=\u00a0\u00bboff\u00a0\u00bb][\/et_pb_contact_field][et_pb_contact_field field_id=\u00a0\u00bbMensaje\u00a0\u00bb field_title=\u00a0\u00bbMessage\u00a0\u00bb field_type=\u00a0\u00bbtext\u00a0\u00bb fullwidth_field=\u00a0\u00bbon\u00a0\u00bb _builder_version=\u00a0\u00bb4.4.5&Prime; button_text_size__hover_enabled=\u00a0\u00bboff\u00a0\u00bb button_one_text_size__hover_enabled=\u00a0\u00bboff\u00a0\u00bb button_two_text_size__hover_enabled=\u00a0\u00bboff\u00a0\u00bb button_text_color__hover_enabled=\u00a0\u00bboff\u00a0\u00bb button_one_text_color__hover_enabled=\u00a0\u00bboff\u00a0\u00bb button_two_text_color__hover_enabled=\u00a0\u00bboff\u00a0\u00bb button_border_width__hover_enabled=\u00a0\u00bboff\u00a0\u00bb button_one_border_width__hover_enabled=\u00a0\u00bboff\u00a0\u00bb button_two_border_width__hover_enabled=\u00a0\u00bboff\u00a0\u00bb button_border_color__hover_enabled=\u00a0\u00bboff\u00a0\u00bb button_one_border_color__hover_enabled=\u00a0\u00bboff\u00a0\u00bb button_two_border_color__hover_enabled=\u00a0\u00bboff\u00a0\u00bb button_border_radius__hover_enabled=\u00a0\u00bboff\u00a0\u00bb button_one_border_radius__hover_enabled=\u00a0\u00bboff\u00a0\u00bb button_two_border_radius__hover_enabled=\u00a0\u00bboff\u00a0\u00bb button_letter_spacing__hover_enabled=\u00a0\u00bboff\u00a0\u00bb button_one_letter_spacing__hover_enabled=\u00a0\u00bboff\u00a0\u00bb button_two_letter_spacing__hover_enabled=\u00a0\u00bboff\u00a0\u00bb button_bg_color__hover_enabled=\u00a0\u00bboff\u00a0\u00bb button_one_bg_color__hover_enabled=\u00a0\u00bboff\u00a0\u00bb button_two_bg_color__hover_enabled=\u00a0\u00bboff\u00a0\u00bb][\/et_pb_contact_field][et_pb_contact_field field_id=\u00a0\u00bbPP\u00a0\u00bb field_title=\u00a0\u00bb \u00a0\u00bb field_type=\u00a0\u00bbcheckbox\u00a0\u00bb checkbox_options=\u00a0\u00bb%91{%22value%22:%22J&#039;ai lu et j&#039;accepte la %22,%22checked%22:0,%22dragID%22:-1,%22link_url%22:%22https:\\\/\\\/ancei.com\\\/politica-de-privacidad\\\/%22,%22link_text%22:%22Politique de Confidentialit\u00e9%22}%93&Prime; fullwidth_field=\u00a0\u00bbon\u00a0\u00bb _builder_version=\u00a0\u00bb4.7.4&Prime;][\/et_pb_contact_field][\/et_pb_contact_form][et_pb_toggle title=\u00a0\u00bbR\u00e9sum\u00e9 de la Politique de Confidentialit\u00e9\u00a0\u00bb open_toggle_background_color=\u00a0\u00bb#ffffff\u00a0\u00bb closed_toggle_background_color=\u00a0\u00bb#ffffff\u00a0\u00bb _builder_version=\u00a0\u00bb4.7.4&Prime; title_font=\u00a0\u00bbLato|700|||||||\u00a0\u00bb title_font_size=\u00a0\u00bb18px\u00a0\u00bb title_line_height=\u00a0\u00bb2em\u00a0\u00bb closed_title_font=\u00a0\u00bbLato|700|||||||\u00a0\u00bb closed_title_font_size=\u00a0\u00bb18px\u00a0\u00bb closed_title_line_height=\u00a0\u00bb2em\u00a0\u00bb body_font=\u00a0\u00bbLato||||||||\u00a0\u00bb body_text_align=\u00a0\u00bbjustify\u00a0\u00bb body_font_size=\u00a0\u00bb18px\u00a0\u00bb body_line_height=\u00a0\u00bb2em\u00a0\u00bb custom_margin=\u00a0\u00bb||||false|false\u00a0\u00bb title_font_size_tablet=\u00a0\u00bb\u00a0\u00bb title_font_size_phone=\u00a0\u00bb16px\u00a0\u00bb title_font_size_last_edited=\u00a0\u00bbon|phone\u00a0\u00bb closed_title_font_size_tablet=\u00a0\u00bb\u00a0\u00bb closed_title_font_size_phone=\u00a0\u00bb16px\u00a0\u00bb closed_title_font_size_last_edited=\u00a0\u00bbon|phone\u00a0\u00bb body_text_align_tablet=\u00a0\u00bb\u00a0\u00bb body_text_align_phone=\u00a0\u00bbleft\u00a0\u00bb body_text_align_last_edited=\u00a0\u00bbon|phone\u00a0\u00bb body_font_size_tablet=\u00a0\u00bb\u00a0\u00bb body_font_size_phone=\u00a0\u00bb16px\u00a0\u00bb body_font_size_last_edited=\u00a0\u00bbon|phone\u00a0\u00bb border_width_all=\u00a0\u00bb0px\u00a0\u00bb]<\/p>\n<ul>\n<li><strong>Responsable du traitement:<\/strong> ANCEI Consultor\u00eda Estrat\u00e9gica Internacional, S.A.<\/li>\n<li><strong>Finalit\u00e9 :<\/strong> G\u00e9rer la demande de l&rsquo;utilisateur<\/li>\n<li><strong>Base juridique:<\/strong> Le consentement de l&rsquo;utilisateur.<\/li>\n<li><strong>Destinataires :<\/strong> Vos donn\u00e9es ne seront pas transf\u00e9r\u00e9es.<\/li>\n<li><strong>Conservation :<\/strong> Dur\u00e9e l\u00e9gale maximale \u00e9tablie.<\/li>\n<li><strong>Droits de la personne concern\u00e9e:<\/strong> Acc\u00e9der, rectifier et supprimer les donn\u00e9es vous concernant, s&rsquo;opposer au traitement des donn\u00e9es, demander la limitation du traitement ou la portabilit\u00e9 des donn\u00e9es.\n<div class=\"page\" title=\"Page 12\">\n<div class=\"layoutArea\">\u00a0<\/div>\n<\/div>\n<\/li>\n<\/ul>\n<p>Acc\u00e8s \u00e0 la <a href=\"https:\/\/ancei.com\/politica-de-privacidad\/\">Politique de Confidentialit\u00e9 <\/a> (version compl\u00e8te).<\/p>\n<p>[\/et_pb_toggle][\/et_pb_column][\/et_pb_row][\/et_pb_section]<\/p>\n","protected":false},"excerpt":{"rendered":"<p>IMMOBILIER OU INVESTIR EN ANDORREL&rsquo;Andorre est consid\u00e9r\u00e9e, au niveau international, comme l&rsquo;un des meilleurs pays o\u00f9 vivre et prendre sa retraite en raison de sa qualit\u00e9 de vie. Actuellement, elle attire des personnes avec un pouvoir d&rsquo;achat \u00e9lev\u00e9, des dirigeants et des professionnels d&rsquo;entreprises internationales, des sportifs de renom, ou tout simplement des personnes ayant [&hellip;]<\/p>\n","protected":false},"author":1,"featured_media":0,"parent":0,"menu_order":0,"comment_status":"closed","ping_status":"closed","template":"","meta":{"_et_pb_use_builder":"on","_et_pb_old_content":"","_et_gb_content_width":"","footnotes":""},"class_list":["post-5288","page","type-page","status-publish","hentry"],"_links":{"self":[{"href":"https:\/\/ancei.com\/fr\/wp-json\/wp\/v2\/pages\/5288"}],"collection":[{"href":"https:\/\/ancei.com\/fr\/wp-json\/wp\/v2\/pages"}],"about":[{"href":"https:\/\/ancei.com\/fr\/wp-json\/wp\/v2\/types\/page"}],"author":[{"embeddable":true,"href":"https:\/\/ancei.com\/fr\/wp-json\/wp\/v2\/users\/1"}],"replies":[{"embeddable":true,"href":"https:\/\/ancei.com\/fr\/wp-json\/wp\/v2\/comments?post=5288"}],"version-history":[{"count":2,"href":"https:\/\/ancei.com\/fr\/wp-json\/wp\/v2\/pages\/5288\/revisions"}],"predecessor-version":[{"id":5290,"href":"https:\/\/ancei.com\/fr\/wp-json\/wp\/v2\/pages\/5288\/revisions\/5290"}],"wp:attachment":[{"href":"https:\/\/ancei.com\/fr\/wp-json\/wp\/v2\/media?parent=5288"}],"curies":[{"name":"wp","href":"https:\/\/api.w.org\/{rel}","templated":true}]}}