{"id":4967,"date":"2023-05-05T11:06:12","date_gmt":"2023-05-05T11:06:12","guid":{"rendered":"https:\/\/ancei.com\/assessorament-mercantil-internacional\/"},"modified":"2023-05-05T11:08:19","modified_gmt":"2023-05-05T11:08:19","slug":"assessorament-mercantil-internacional","status":"publish","type":"page","link":"https:\/\/ancei.com\/ca\/assessorament-mercantil-internacional\/","title":{"rendered":"Assessorament mercantil internacional"},"content":{"rendered":"<p>[et_pb_section fb_built=&#8221;1&#8243; custom_padding_last_edited=&#8221;on|phone&#8221; _builder_version=&#8221;4.7.4&#8243; background_color=&#8221;#333333&#8243; background_enable_image=&#8221;off&#8221; custom_padding=&#8221;60px||60px||true|&#8221; custom_padding_tablet=&#8221;&#8221; custom_padding_phone=&#8221;30px||30px||true|false&#8221;][et_pb_row _builder_version=&#8221;4.7.4&#8243; custom_padding=&#8221;30px||20px||false|false&#8221;][et_pb_column type=&#8221;4_4&#8243; _builder_version=&#8221;4.4.5&#8243;][et_pb_text content_phone=&#8221;<\/p>\n<h1><span>OBLIGACIONS FISCALS PER A RESIDENTS I NO RESIDENTS<\/span><\/h1>\n<p>&#8221; content_last_edited=&#8221;off|desktop&#8221; admin_label=&#8221;Title&#8221; _builder_version=&#8221;4.7.4&#8243; text_font=&#8221;||||||||&#8221; header_font=&#8221;Raleway|900|||||||&#8221; header_font_size=&#8221;60px&#8221; header_line_height=&#8221;1.5em&#8221; header_2_font=&#8221;Raleway|900|||||||&#8221; header_2_text_align=&#8221;center&#8221; header_2_font_size=&#8221;40px&#8221; header_2_letter_spacing=&#8221;2px&#8221; header_2_line_height=&#8221;1.25em&#8221; module_alignment=&#8221;center&#8221; custom_margin=&#8221;||||false|false&#8221; custom_padding=&#8221;|||&#8221; animation_style=&#8221;fade&#8221; header_font_size_tablet=&#8221;&#8221; header_font_size_phone=&#8221;30px&#8221; header_font_size_last_edited=&#8221;on|phone&#8221; header_2_font_size_tablet=&#8221;40px&#8221; header_2_font_size_phone=&#8221;&#8221; header_2_font_size_last_edited=&#8221;on|tablet&#8221;]<\/p>\n<h1 style=\"text-align: left\"><span style=\"color: #ffffff\">ANCEI | ASSESSORAMENT MERCANTIL INTERNACIONAL<\/span><\/h1>\n<p>[\/et_pb_text][\/et_pb_column][\/et_pb_row][\/et_pb_section][et_pb_section fb_built=&#8221;1&#8243; admin_label=&#8221;Service Section&#8221; _builder_version=&#8221;4.4.5&#8243; background_color=&#8221;#ffffff&#8221; custom_padding=&#8221;60px||60px||false|&#8221;][et_pb_row admin_label=&#8221;Service Area&#8221; _builder_version=&#8221;3.25&#8243; custom_padding=&#8221;0px||30px|||&#8221;][et_pb_column type=&#8221;4_4&#8243; _builder_version=&#8221;3.25&#8243; custom_padding=&#8221;|||&#8221; custom_padding__hover=&#8221;|||&#8221;][et_pb_text _builder_version=&#8221;4.7.4&#8243; text_font=&#8221;Lato||||||||&#8221; text_font_size=&#8221;20px&#8221; text_line_height=&#8221;2em&#8221; text_orientation=&#8221;justified&#8221; custom_margin=&#8221;||30px||false|false&#8221; text_font_size_tablet=&#8221;&#8221; text_font_size_phone=&#8221;18px&#8221; text_font_size_last_edited=&#8221;on|phone&#8221; text_orientation_tablet=&#8221;&#8221; text_orientation_phone=&#8221;left&#8221; text_orientation_last_edited=&#8221;on|desktop&#8221;]<\/p>\n<p>Tota estrat\u00e8gia d&#8217;internacionalitzaci\u00f3 empresarial ha d&#8217;anar acompanyada d&#8217;un <strong>bon assessorament mercantil internacional,<\/strong> que permeti desenvolupar projectes internacionals de manera eficient. Perqu\u00e8 els negocis internacionals, el comer\u00e7 internacional, necessita experts amb gran domini dels contractes internacionals, que eliminin la incertesa.<\/p>\n<p>[\/et_pb_text][et_pb_divider divider_position=&#8221;center&#8221; divider_weight=&#8221;3px&#8221; _builder_version=&#8221;4.9.1&#8243; max_width=&#8221;70px&#8221; module_alignment=&#8221;center&#8221; custom_margin=&#8221;||30px||false|false&#8221; animation_direction=&#8221;top&#8221; locked=&#8221;off&#8221;][\/et_pb_divider][et_pb_text _builder_version=&#8221;4.7.4&#8243; text_font=&#8221;Lato||||||||&#8221; text_font_size=&#8221;20px&#8221; text_line_height=&#8221;2em&#8221; header_2_font=&#8221;Raleway|900|||||||&#8221; header_2_text_align=&#8221;center&#8221; header_2_text_color=&#8221;#b01f58&#8243; header_2_font_size=&#8221;40px&#8221; header_2_line_height=&#8221;1.5em&#8221; text_orientation=&#8221;justified&#8221; custom_margin=&#8221;||0px||false|false&#8221; text_font_size_tablet=&#8221;&#8221; text_font_size_phone=&#8221;18px&#8221; text_font_size_last_edited=&#8221;on|phone&#8221; header_2_font_size_tablet=&#8221;&#8221; header_2_font_size_phone=&#8221;30px&#8221; header_2_font_size_last_edited=&#8221;on|phone&#8221; text_orientation_tablet=&#8221;&#8221; text_orientation_phone=&#8221;left&#8221; text_orientation_last_edited=&#8221;on|desktop&#8221;]<\/p>\n<h2>QUINS SERVEIS D&#8217;ASSESSORAMENT MERCANTIL OFERIM EN UNA CONSULTORIA COM ANCEI?<\/h2>\n<p>El nostre equip d&#8217;assessors mercantils i col\u00b7laboradors et facilitar\u00e0 <span style=\"text-decoration: underline\">assessorament i assist\u00e8ncia<\/span>, sense sortir d&#8217;Andorra, en:<\/p>\n<p>&#8211; La <strong>constituci\u00f3 de societats, filials i sucursals.<\/strong><\/p>\n<p>&#8211; L&#8217;establiment <strong> de filials<\/strong> a l&#8217;estranger.<\/p>\n<p>&#8211; Altres operacions societ\u00e0ries, com l&#8217;a<strong>dquisici\u00f3 i\/o la venda de societats, branques de negoci i actius, fu<\/strong><strong>siones i canvis estructurals en companyies mercantils, la c<\/strong><strong>ompravenda d&#8217;accions i participacions o els augments i reduccions de capital, la dissoluci\u00f3 i liquidaci\u00f3 de societats, <\/strong>etc\u00e8tera. Per tant, la<strong> formalitzaci\u00f3 d&#8217;acords.<\/strong><\/p>\n<p>&#8211; <strong><em>Due diligence<\/em> legal.<\/strong><\/p>\n<p>&#8211; <strong>Protocols familiars.<\/strong><\/p>\n<p>[\/et_pb_text][\/et_pb_column][\/et_pb_row][et_pb_row column_structure=&#8221;1_4,1_4,1_4,1_4&#8243; use_custom_gutter=&#8221;on&#8221; gutter_width=&#8221;2&#8243; _builder_version=&#8221;4.7.4&#8243; _module_preset=&#8221;default&#8221; custom_padding=&#8221;0px||0px|||&#8221; animation_style=&#8221;fade&#8221;][et_pb_column type=&#8221;1_4&#8243; _builder_version=&#8221;4.7.4&#8243; _module_preset=&#8221;default&#8221;][et_pb_image src=&#8221;https:\/\/ancei.com\/wp-content\/uploads\/2021\/03\/Asesoramiento-mercantil-Andorra-ANCEI.png&#8221; title_text=&#8221;Assessorament mercantil Andorra | ANCEI&#8221; _builder_version=&#8221;4.9.1&#8243; _module_preset=&#8221;default&#8221;][\/et_pb_image][\/et_pb_column][et_pb_column type=&#8221;1_4&#8243; _builder_version=&#8221;4.7.4&#8243; _module_preset=&#8221;default&#8221;][et_pb_image src=&#8221;https:\/\/ancei.com\/wp-content\/uploads\/2021\/03\/Comercio-electronico-Andorra-ANCEI.png&#8221; title_text=&#8221;Comer\u00e7 electr\u00f2nic Andorra | ANCEI&#8221; _builder_version=&#8221;4.9.2&#8243; _module_preset=&#8221;default&#8221; hover_enabled=&#8221;0&#8243; sticky_enabled=&#8221;0&#8243;][\/et_pb_image][\/et_pb_column][et_pb_column type=&#8221;1_4&#8243; _builder_version=&#8221;4.7.4&#8243; _module_preset=&#8221;default&#8221;][et_pb_image src=&#8221;https:\/\/ancei.com\/wp-content\/uploads\/2021\/03\/Comercio-internacional-Andorra-ANCEI.png&#8221; title_text=&#8221;Comer\u00e7 internacional Andorra | ANCEI&#8221; _builder_version=&#8221;4.9.2&#8243; _module_preset=&#8221;default&#8221; hover_enabled=&#8221;0&#8243; sticky_enabled=&#8221;0&#8243;][\/et_pb_image][\/et_pb_column][et_pb_column type=&#8221;1_4&#8243; _builder_version=&#8221;4.7.4&#8243; _module_preset=&#8221;default&#8221;][et_pb_image src=&#8221;https:\/\/ancei.com\/wp-content\/uploads\/2021\/03\/Stock-Andorra-ANCEI.png&#8221; title_text=&#8221;Stock Andorra | ANCEI&#8221; _builder_version=&#8221;4.9.2&#8243; _module_preset=&#8221;default&#8221; hover_enabled=&#8221;0&#8243; sticky_enabled=&#8221;0&#8243;][\/et_pb_image][\/et_pb_column][\/et_pb_row][et_pb_row admin_label=&#8221;Service Area&#8221; _builder_version=&#8221;3.25&#8243; custom_padding=&#8221;30px||0px|||&#8221;][et_pb_column type=&#8221;4_4&#8243; _builder_version=&#8221;3.25&#8243; custom_padding=&#8221;|||&#8221; custom_padding__hover=&#8221;|||&#8221;][et_pb_text _builder_version=&#8221;4.7.4&#8243; text_font=&#8221;Lato||||||||&#8221; text_font_size=&#8221;20px&#8221; text_line_height=&#8221;2em&#8221; header_2_font=&#8221;Raleway|900|||||||&#8221; header_2_text_align=&#8221;center&#8221; header_2_text_color=&#8221;#b01f58&#8243; header_2_font_size=&#8221;40px&#8221; header_2_line_height=&#8221;1.5em&#8221; text_orientation=&#8221;justified&#8221; custom_margin=&#8221;||0px||false|false&#8221; text_font_size_tablet=&#8221;&#8221; text_font_size_phone=&#8221;18px&#8221; text_font_size_last_edited=&#8221;on|phone&#8221; text_orientation_tablet=&#8221;&#8221; text_orientation_phone=&#8221;left&#8221; text_orientation_last_edited=&#8221;on|desktop&#8221;]<\/p>\n<p>Evidentment, tots aquests serveis s\u00f3n aplicables tant a societats andorranes com de fora d&#8217;Andorra. Encara que, gr\u00e0cies a la <strong>sortida del Principat de la llista europea de paradisos fiscals <\/strong>i a l&#8217;homologaci\u00f3 <strong> fiscal internacional del pa\u00eds, <\/strong>cada vegada s\u00f3n m\u00e9s els projectes internacionals situats en aquest pa\u00eds. El comer\u00e7 internacional i <strong>electr\u00f2nic,<\/strong> aquest \u00faltim amb cada vegada m\u00e9s pes, s\u00f3n, a m\u00e9s, activitats que es poden desenvolupar de manera molt eficient des d&#8217;Andorra, ja que, per exemple, no hi ha limitacions vinculades a l&#8217;emmagatzematge de mercaderia dins del pa\u00eds. I \u00e9s per aix\u00f2 que, aquest fet, juntament amb la <strong>fiscalitat atractiva<\/strong> del pa\u00eds, fan d&#8217;Andorra una<strong> base de comer\u00e7 internacional en l&#8217;\u00e0mbit europeu<\/strong> i l&#8217;augment en la constituci\u00f3 de societats andorranes \u00e9s cada vegada m\u00e9s notori. A Ancei estarem encantats de compartir coneixements amb tu per a ajudar-te amb el teu projecte, personal i\/o empresarial.<\/p>\n<p>[\/et_pb_text][\/et_pb_column][\/et_pb_row][\/et_pb_section][et_pb_section fb_built=&#8221;1&#8243; fullwidth=&#8221;on&#8221; _builder_version=&#8221;4.7.4&#8243; _module_preset=&#8221;default&#8221;][et_pb_fullwidth_image src=&#8221;https:\/\/ancei.com\/wp-content\/uploads\/2021\/03\/Montan\u0303a-Andorra-ANCEI.png&#8221; title_text=&#8221;Muntanya Andorra | ANCEI&#8221; _builder_version=&#8221;4.9.1&#8243; _module_preset=&#8221;default&#8221;][\/et_pb_fullwidth_image][\/et_pb_section][et_pb_section fb_built=&#8221;1&#8243; _builder_version=&#8221;4.4.5&#8243; background_color=&#8221;#f4f4f4&#8243; background_enable_image=&#8221;off&#8221; background_position=&#8221;top_center&#8221; custom_padding=&#8221;60px||60px||true|&#8221;][et_pb_row admin_label=&#8221;Service Area&#8221; _builder_version=&#8221;3.25&#8243; custom_padding=&#8221;0px||30px|||&#8221;][et_pb_column type=&#8221;4_4&#8243; _builder_version=&#8221;3.25&#8243; custom_padding=&#8221;|||&#8221; custom_padding__hover=&#8221;|||&#8221;][et_pb_text content_phone=&#8221;<\/p>\n<h2>CALCULEM QUANT T&#8217;ESTALVIARIES CANVIANT LA TEVA RESID\u00c8NCIA FISCAL A ANDORRA<\/h2>\n<p>&#8221; content_last_edited=&#8221;off|phone&#8221; admin_label=&#8221;Title&#8221; _builder_version=&#8221;4.7.4&#8243; text_font=&#8221;||||||||&#8221; header_font=&#8221;||||||||&#8221; header_2_font=&#8221;Raleway|900|||||||&#8221; header_2_text_align=&#8221;center&#8221; header_2_font_size=&#8221;40px&#8221; header_2_line_height=&#8221;1.5em&#8221; module_alignment=&#8221;center&#8221; custom_margin=&#8221;||10px|&#8221; custom_padding=&#8221;|||&#8221; header_2_font_size_tablet=&#8221;40px&#8221; header_2_font_size_phone=&#8221;30px&#8221; header_2_font_size_last_edited=&#8221;on|phone&#8221;]<\/p>\n<h2>\u00bfNECESSITES ASSESSORAMENT MERCANTIL?<\/h2>\n<p>[\/et_pb_text][et_pb_divider divider_position=&#8221;center&#8221; divider_weight=&#8221;3px&#8221; _builder_version=&#8221;4.9.1&#8243; max_width=&#8221;70px&#8221; module_alignment=&#8221;center&#8221; custom_margin=&#8221;||10px||false|false&#8221; animation_direction=&#8221;top&#8221; locked=&#8221;off&#8221;][\/et_pb_divider][\/et_pb_column][\/et_pb_row][et_pb_row _builder_version=&#8221;4.4.5&#8243; custom_padding=&#8221;0px||0px|||&#8221;][et_pb_column type=&#8221;4_4&#8243; _builder_version=&#8221;4.4.5&#8243;][et_pb_contact_form use_spam_service=&#8221;on&#8221; recaptcha_list=&#8221;ANCEI|ANCEI-0&#8243; email=&#8221;contacte@ancei.com&#8221; custom_message=&#8221;FORMULARI M\u00d2DUL ASSESSORAMENT MERCANTIL INTERNACIONAL||et_pb_line_break_holder||Email: %%Email%%||et_pb_line_break_holder||M\u00f2bil: %%Tel\u00e8fon%%||et_pb_line_break_holder||Missatge: %%Missatge%%&#8221; success_message=&#8221;Gr\u00e0cies por contactar amb l&#039;equip d&#039;ANCEI! Aviat ens posarem en contacte amb tu.&#8221; submit_button_text=&#8221;CONTACTAR&#8221; _builder_version=&#8221;4.9.1&#8243; form_field_background_color=&#8221;#ffffff&#8221; form_field_font=&#8221;Lato||||||||&#8221; form_field_font_size=&#8221;18px&#8221; custom_button=&#8221;on&#8221; button_text_size=&#8221;20px&#8221; button_text_color=&#8221;#ffffff&#8221; button_bg_color=&#8221;#b01f58&#8243; button_border_width=&#8221;0px&#8221; button_border_color=&#8221;#ffffff&#8221; button_border_radius=&#8221;5px&#8221; button_letter_spacing=&#8221;2px&#8221; button_font=&#8221;Raleway||||||||&#8221; button_icon=&#8221;%%246%%&#8221; button_custom_margin=&#8221;15px||||false|false&#8221; button_custom_padding=&#8221;10px||10px||false|false&#8221; button_text_size_tablet=&#8221;&#8221; button_text_size_phone=&#8221;18px&#8221; button_text_size_last_edited=&#8221;on|phone&#8221; button_icon_placement_phone=&#8221;right&#8221; button_icon_placement_last_edited=&#8221;off|phone&#8221; custom_css_before_last_edited=&#8221;off|phone&#8221;][et_pb_contact_field field_id=&#8221;Nombre&#8221; field_title=&#8221;Nom&#8221; _builder_version=&#8221;4.4.5&#8243; button_text_size__hover_enabled=&#8221;off&#8221; button_one_text_size__hover_enabled=&#8221;off&#8221; button_two_text_size__hover_enabled=&#8221;off&#8221; button_text_color__hover_enabled=&#8221;off&#8221; button_one_text_color__hover_enabled=&#8221;off&#8221; button_two_text_color__hover_enabled=&#8221;off&#8221; button_border_width__hover_enabled=&#8221;off&#8221; button_one_border_width__hover_enabled=&#8221;off&#8221; button_two_border_width__hover_enabled=&#8221;off&#8221; button_border_color__hover_enabled=&#8221;off&#8221; button_one_border_color__hover_enabled=&#8221;off&#8221; button_two_border_color__hover_enabled=&#8221;off&#8221; button_border_radius__hover_enabled=&#8221;off&#8221; button_one_border_radius__hover_enabled=&#8221;off&#8221; button_two_border_radius__hover_enabled=&#8221;off&#8221; button_letter_spacing__hover_enabled=&#8221;off&#8221; button_one_letter_spacing__hover_enabled=&#8221;off&#8221; button_two_letter_spacing__hover_enabled=&#8221;off&#8221; button_bg_color__hover_enabled=&#8221;off&#8221; button_one_bg_color__hover_enabled=&#8221;off&#8221; button_two_bg_color__hover_enabled=&#8221;off&#8221;][\/et_pb_contact_field][et_pb_contact_field field_id=&#8221;Apellido&#8221; field_title=&#8221;Cognom&#8221; _builder_version=&#8221;4.4.5&#8243; button_text_size__hover_enabled=&#8221;off&#8221; button_one_text_size__hover_enabled=&#8221;off&#8221; button_two_text_size__hover_enabled=&#8221;off&#8221; button_text_color__hover_enabled=&#8221;off&#8221; button_one_text_color__hover_enabled=&#8221;off&#8221; button_two_text_color__hover_enabled=&#8221;off&#8221; button_border_width__hover_enabled=&#8221;off&#8221; button_one_border_width__hover_enabled=&#8221;off&#8221; button_two_border_width__hover_enabled=&#8221;off&#8221; button_border_color__hover_enabled=&#8221;off&#8221; button_one_border_color__hover_enabled=&#8221;off&#8221; button_two_border_color__hover_enabled=&#8221;off&#8221; button_border_radius__hover_enabled=&#8221;off&#8221; button_one_border_radius__hover_enabled=&#8221;off&#8221; button_two_border_radius__hover_enabled=&#8221;off&#8221; button_letter_spacing__hover_enabled=&#8221;off&#8221; button_one_letter_spacing__hover_enabled=&#8221;off&#8221; button_two_letter_spacing__hover_enabled=&#8221;off&#8221; button_bg_color__hover_enabled=&#8221;off&#8221; button_one_bg_color__hover_enabled=&#8221;off&#8221; button_two_bg_color__hover_enabled=&#8221;off&#8221;][\/et_pb_contact_field][et_pb_contact_field field_id=&#8221;Email&#8221; field_title=&#8221;Email&#8221; field_type=&#8221;email&#8221; _builder_version=&#8221;4.4.5&#8243; button_text_size__hover_enabled=&#8221;off&#8221; button_one_text_size__hover_enabled=&#8221;off&#8221; button_two_text_size__hover_enabled=&#8221;off&#8221; button_text_color__hover_enabled=&#8221;off&#8221; button_one_text_color__hover_enabled=&#8221;off&#8221; button_two_text_color__hover_enabled=&#8221;off&#8221; button_border_width__hover_enabled=&#8221;off&#8221; button_one_border_width__hover_enabled=&#8221;off&#8221; button_two_border_width__hover_enabled=&#8221;off&#8221; button_border_color__hover_enabled=&#8221;off&#8221; button_one_border_color__hover_enabled=&#8221;off&#8221; button_two_border_color__hover_enabled=&#8221;off&#8221; button_border_radius__hover_enabled=&#8221;off&#8221; button_one_border_radius__hover_enabled=&#8221;off&#8221; button_two_border_radius__hover_enabled=&#8221;off&#8221; button_letter_spacing__hover_enabled=&#8221;off&#8221; button_one_letter_spacing__hover_enabled=&#8221;off&#8221; button_two_letter_spacing__hover_enabled=&#8221;off&#8221; button_bg_color__hover_enabled=&#8221;off&#8221; button_one_bg_color__hover_enabled=&#8221;off&#8221; button_two_bg_color__hover_enabled=&#8221;off&#8221;][\/et_pb_contact_field][et_pb_contact_field field_id=&#8221;Tel\u00e9fono&#8221; field_title=&#8221;Tel\u00e8fon&#8221; _builder_version=&#8221;4.4.5&#8243; button_text_size__hover_enabled=&#8221;off&#8221; button_one_text_size__hover_enabled=&#8221;off&#8221; button_two_text_size__hover_enabled=&#8221;off&#8221; button_text_color__hover_enabled=&#8221;off&#8221; button_one_text_color__hover_enabled=&#8221;off&#8221; button_two_text_color__hover_enabled=&#8221;off&#8221; button_border_width__hover_enabled=&#8221;off&#8221; button_one_border_width__hover_enabled=&#8221;off&#8221; button_two_border_width__hover_enabled=&#8221;off&#8221; button_border_color__hover_enabled=&#8221;off&#8221; button_one_border_color__hover_enabled=&#8221;off&#8221; button_two_border_color__hover_enabled=&#8221;off&#8221; button_border_radius__hover_enabled=&#8221;off&#8221; button_one_border_radius__hover_enabled=&#8221;off&#8221; button_two_border_radius__hover_enabled=&#8221;off&#8221; button_letter_spacing__hover_enabled=&#8221;off&#8221; button_one_letter_spacing__hover_enabled=&#8221;off&#8221; button_two_letter_spacing__hover_enabled=&#8221;off&#8221; button_bg_color__hover_enabled=&#8221;off&#8221; button_one_bg_color__hover_enabled=&#8221;off&#8221; button_two_bg_color__hover_enabled=&#8221;off&#8221;][\/et_pb_contact_field][et_pb_contact_field field_id=&#8221;Mensaje&#8221; field_title=&#8221;Missatge&#8221; field_type=&#8221;text&#8221; fullwidth_field=&#8221;on&#8221; _builder_version=&#8221;4.4.5&#8243; button_text_size__hover_enabled=&#8221;off&#8221; button_one_text_size__hover_enabled=&#8221;off&#8221; button_two_text_size__hover_enabled=&#8221;off&#8221; button_text_color__hover_enabled=&#8221;off&#8221; button_one_text_color__hover_enabled=&#8221;off&#8221; button_two_text_color__hover_enabled=&#8221;off&#8221; button_border_width__hover_enabled=&#8221;off&#8221; button_one_border_width__hover_enabled=&#8221;off&#8221; button_two_border_width__hover_enabled=&#8221;off&#8221; button_border_color__hover_enabled=&#8221;off&#8221; button_one_border_color__hover_enabled=&#8221;off&#8221; button_two_border_color__hover_enabled=&#8221;off&#8221; button_border_radius__hover_enabled=&#8221;off&#8221; button_one_border_radius__hover_enabled=&#8221;off&#8221; button_two_border_radius__hover_enabled=&#8221;off&#8221; button_letter_spacing__hover_enabled=&#8221;off&#8221; button_one_letter_spacing__hover_enabled=&#8221;off&#8221; button_two_letter_spacing__hover_enabled=&#8221;off&#8221; button_bg_color__hover_enabled=&#8221;off&#8221; button_one_bg_color__hover_enabled=&#8221;off&#8221; button_two_bg_color__hover_enabled=&#8221;off&#8221;][\/et_pb_contact_field][et_pb_contact_field field_id=&#8221;PP&#8221; field_title=&#8221; &#8221; field_type=&#8221;checkbox&#8221; checkbox_options=&#8221;%91{%22value%22:%22He llegit i accepto la %22,%22checked%22:0,%22dragID%22:-1,%22link_text%22:%22Pol\u00edtica de Privacitat%22,%22link_url%22:%22https:\\\/\\\/ancei.com\\\/politica-de-privacitat\\\/%22}%93&#8243; fullwidth_field=&#8221;on&#8221; _builder_version=&#8221;4.7.4&#8243;][\/et_pb_contact_field][\/et_pb_contact_form][et_pb_toggle title=&#8221;Resum de la Pol\u00edtica de Privacitat&#8221; open_toggle_background_color=&#8221;#ffffff&#8221; closed_toggle_background_color=&#8221;#ffffff&#8221; _builder_version=&#8221;4.7.4&#8243; title_font=&#8221;Lato|700|||||||&#8221; title_font_size=&#8221;18px&#8221; title_line_height=&#8221;2em&#8221; closed_title_font=&#8221;Lato|700|||||||&#8221; closed_title_font_size=&#8221;18px&#8221; closed_title_line_height=&#8221;2em&#8221; body_font=&#8221;Lato||||||||&#8221; body_text_align=&#8221;justify&#8221; body_font_size=&#8221;18px&#8221; body_line_height=&#8221;2em&#8221; custom_margin=&#8221;||||false|false&#8221; title_font_size_tablet=&#8221;&#8221; title_font_size_phone=&#8221;16px&#8221; title_font_size_last_edited=&#8221;on|phone&#8221; closed_title_font_size_tablet=&#8221;&#8221; closed_title_font_size_phone=&#8221;16px&#8221; closed_title_font_size_last_edited=&#8221;on|phone&#8221; body_text_align_tablet=&#8221;&#8221; body_text_align_phone=&#8221;left&#8221; body_text_align_last_edited=&#8221;on|phone&#8221; body_font_size_tablet=&#8221;&#8221; body_font_size_phone=&#8221;16px&#8221; body_font_size_last_edited=&#8221;on|phone&#8221; border_width_all=&#8221;0px&#8221;]<\/p>\n<ul>\n<li><strong>Responsable del tractament:<\/strong> ANCEI Consultoria Estrat\u00e8gica Internacional, S.A.<\/li>\n<li><strong>Finalitat:<\/strong> Gestionar la sol\u00b7licitud de l&#8217;usuari.<\/li>\n<li><strong>Base jur\u00eddica:<\/strong> El consentiment de l&#8217;usuari.<\/li>\n<li><strong>Destinataris:<\/strong> Les seves dades no se cediran.<\/li>\n<li><strong>Conservaci\u00f3:<\/strong> Per\u00edode legal m\u00e0xim establert.<\/li>\n<li><strong>Drets de l&#8217;interessat:<\/strong> Accedir, rectificar i cancel\u00b7lar les dades referents a la seva persona, oposar-se al tractament de les dades, sol\u00b7licitar la limitaci\u00f3 del tractament o la portabilitat de les dades.\n<div class=\"page\" title=\"Page 12\">\n<div class=\"layoutArea\">\u00a0<\/div>\n<\/div>\n<\/li>\n<\/ul>\n<p>Acc\u00e9s a la <a href=\"https:\/\/ancei.com\/politica-de-privacitat\/\">Pol\u00edtica de Privacitat<\/a> (versi\u00f3 completa).<\/p>\n<p>[\/et_pb_toggle][\/et_pb_column][\/et_pb_row][\/et_pb_section]<\/p>\n","protected":false},"excerpt":{"rendered":"<p>ANCEI | ASSESSORAMENT MERCANTIL INTERNACIONALTota estrat\u00e8gia d&#8217;internacionalitzaci\u00f3 empresarial ha d&#8217;anar acompanyada d&#8217;un bon assessorament mercantil internacional, que permeti desenvolupar projectes internacionals de manera eficient. Perqu\u00e8 els negocis internacionals, el comer\u00e7 internacional, necessita experts amb gran domini dels contractes internacionals, que eliminin la incertesa.QUINS SERVEIS D&#8217;ASSESSORAMENT MERCANTIL OFERIM EN UNA CONSULTORIA COM ANCEI? El nostre equip [&hellip;]<\/p>\n","protected":false},"author":1,"featured_media":0,"parent":0,"menu_order":0,"comment_status":"closed","ping_status":"closed","template":"","meta":{"_et_pb_use_builder":"on","_et_pb_old_content":"","_et_gb_content_width":"","footnotes":""},"class_list":["post-4967","page","type-page","status-publish","hentry"],"_links":{"self":[{"href":"https:\/\/ancei.com\/ca\/wp-json\/wp\/v2\/pages\/4967"}],"collection":[{"href":"https:\/\/ancei.com\/ca\/wp-json\/wp\/v2\/pages"}],"about":[{"href":"https:\/\/ancei.com\/ca\/wp-json\/wp\/v2\/types\/page"}],"author":[{"embeddable":true,"href":"https:\/\/ancei.com\/ca\/wp-json\/wp\/v2\/users\/1"}],"replies":[{"embeddable":true,"href":"https:\/\/ancei.com\/ca\/wp-json\/wp\/v2\/comments?post=4967"}],"version-history":[{"count":8,"href":"https:\/\/ancei.com\/ca\/wp-json\/wp\/v2\/pages\/4967\/revisions"}],"predecessor-version":[{"id":4975,"href":"https:\/\/ancei.com\/ca\/wp-json\/wp\/v2\/pages\/4967\/revisions\/4975"}],"wp:attachment":[{"href":"https:\/\/ancei.com\/ca\/wp-json\/wp\/v2\/media?parent=4967"}],"curies":[{"name":"wp","href":"https:\/\/api.w.org\/{rel}","templated":true}]}}