{"id":4955,"date":"2023-05-05T09:54:36","date_gmt":"2023-05-05T09:54:36","guid":{"rendered":"https:\/\/ancei.com\/victor-alcaide\/"},"modified":"2023-05-09T15:38:29","modified_gmt":"2023-05-09T15:38:29","slug":"victor-alcaide","status":"publish","type":"page","link":"https:\/\/ancei.com\/ca\/victor-alcaide\/","title":{"rendered":"V\u00edctor Alcaide"},"content":{"rendered":"<p>[et_pb_section fb_built=&#8221;1&#8243; admin_label=&#8221;Service Section&#8221; _builder_version=&#8221;4.9.1&#8243; background_enable_color=&#8221;off&#8221; background_image=&#8221;https:\/\/ancei.com\/wp-content\/uploads\/2021\/03\/Fondo-Logotipo-Granate-ANCEI-Andorra.png&#8221; background_position=&#8221;top_center&#8221; custom_padding=&#8221;60px||60px||true|&#8221; global_colors_info=&#8221;{}&#8221;][et_pb_row admin_label=&#8221;Service Area&#8221; _builder_version=&#8221;3.25&#8243; custom_padding=&#8221;0px||30px|||&#8221; global_colors_info=&#8221;{}&#8221;][et_pb_column type=&#8221;4_4&#8243; _builder_version=&#8221;3.25&#8243; custom_padding=&#8221;|||&#8221; global_colors_info=&#8221;{}&#8221; custom_padding__hover=&#8221;|||&#8221;][et_pb_text admin_label=&#8221;Title&#8221; _builder_version=&#8221;4.7.4&#8243; text_font=&#8221;||||||||&#8221; header_font=&#8221;||||||||&#8221; header_2_font=&#8221;Raleway|900|||||||&#8221; header_2_text_align=&#8221;center&#8221; header_2_font_size=&#8221;40px&#8221; header_2_line_height=&#8221;1.25em&#8221; module_alignment=&#8221;center&#8221; custom_margin=&#8221;||10px|&#8221; custom_padding=&#8221;||0px|||&#8221; animation_style=&#8221;fade&#8221; header_2_font_size_tablet=&#8221;40px&#8221; header_2_font_size_phone=&#8221;30px&#8221; header_2_font_size_last_edited=&#8221;on|phone&#8221; global_colors_info=&#8221;{}&#8221;]<\/p>\n<h2>V\u00cdCTOR ALCAIDE<\/h2>\n<p>[\/et_pb_text][et_pb_text _builder_version=&#8221;4.9.3&#8243; text_font=&#8221;Lato||||||||&#8221; text_font_size=&#8221;20px&#8221; text_line_height=&#8221;2em&#8221; header_3_font=&#8221;Raleway|800|||||||&#8221; header_3_line_height=&#8221;1.5em&#8221; text_font_size_tablet=&#8221;&#8221; text_font_size_phone=&#8221;18px&#8221; text_font_size_last_edited=&#8221;on|phone&#8221; global_colors_info=&#8221;{}&#8221;]<\/p>\n<p style=\"text-align: center\"><em>Fiscalitat Nacional<\/em><\/p>\n<p>[\/et_pb_text][et_pb_divider divider_position=&#8221;center&#8221; divider_weight=&#8221;3px&#8221; _builder_version=&#8221;4.9.1&#8243; max_width=&#8221;70px&#8221; module_alignment=&#8221;center&#8221; animation_style=&#8221;slide&#8221; animation_direction=&#8221;top&#8221; animation_intensity_slide=&#8221;10%&#8221; animation_starting_opacity=&#8221;100%&#8221; locked=&#8221;off&#8221; global_colors_info=&#8221;{}&#8221;][\/et_pb_divider][\/et_pb_column][\/et_pb_row][et_pb_row column_structure=&#8221;1_3,2_3&#8243; use_custom_gutter=&#8221;on&#8221; gutter_width=&#8221;2&#8243; _builder_version=&#8221;4.4.5&#8243; custom_padding=&#8221;0px||0px|||&#8221; global_colors_info=&#8221;{}&#8221;][et_pb_column type=&#8221;1_3&#8243; _builder_version=&#8221;4.4.5&#8243; global_colors_info=&#8221;{}&#8221;][et_pb_image src=&#8221;http:\/\/ancei.com\/wp-content\/uploads\/2020\/08\/ANCEI-Victor-Alcaide.jpg&#8221; title_text=&#8221;ANCEI | Victor Alcaide&#8221; _builder_version=&#8221;4.4.5&#8243; border_radii=&#8221;on|5px|5px|5px|5px&#8221; global_colors_info=&#8221;{}&#8221;][\/et_pb_image][\/et_pb_column][et_pb_column type=&#8221;2_3&#8243; _builder_version=&#8221;4.4.5&#8243; global_colors_info=&#8221;{}&#8221;][et_pb_text _builder_version=&#8221;4.7.4&#8243; text_font=&#8221;Lato||||||||&#8221; text_font_size=&#8221;20px&#8221; text_line_height=&#8221;2em&#8221; header_3_font=&#8221;Lato|800|||||||&#8221; header_3_font_size=&#8221;20px&#8221; header_3_line_height=&#8221;2em&#8221; text_font_size_tablet=&#8221;&#8221; text_font_size_phone=&#8221;18px&#8221; text_font_size_last_edited=&#8221;on|phone&#8221; header_3_font_size_tablet=&#8221;&#8221; header_3_font_size_phone=&#8221;18px&#8221; header_3_font_size_last_edited=&#8221;on|phone&#8221; global_colors_info=&#8221;{}&#8221;]<\/p>\n<h3>Experi\u00e8ncia<\/h3>\n<p>Reconeguda en departaments comptables i financers des del 2012<\/p>\n<h3>Formaci\u00f3 Acad\u00e8mica<\/h3>\n<p>&#8211; Diploma en Administraci\u00f3 i Direcci\u00f3 d&#8217;Empreses de la Universitat d&#8217;Andorra<\/p>\n<p>&#8211; M\u00e0ster en Direcci\u00f3 Financera i Control de l&#8217;IEBS Business School<\/p>\n<h3>Idiomes<\/h3>\n<p>Catal\u00e0, castell\u00e0 i angl\u00e8s<\/p>\n<p>[\/et_pb_text][\/et_pb_column][\/et_pb_row][et_pb_row column_structure=&#8221;1_2,1_2&#8243; _builder_version=&#8221;4.4.5&#8243; custom_padding=&#8221;30px||0px||false|false&#8221; global_colors_info=&#8221;{}&#8221;][et_pb_column type=&#8221;1_2&#8243; _builder_version=&#8221;4.4.5&#8243; global_colors_info=&#8221;{}&#8221;][et_pb_button button_url=&#8221;https:\/\/ancei.com\/lidia-lopez\/&#8221; button_text=&#8221;Lidia L\u00f3pez&#8221; button_alignment=&#8221;left&#8221; _builder_version=&#8221;4.9.3&#8243; custom_button=&#8221;on&#8221; button_text_size=&#8221;14px&#8221; button_text_color=&#8221;#ffffff&#8221; button_bg_color=&#8221;#b01f58&#8243; button_border_width=&#8221;0px&#8221; button_border_radius=&#8221;50px&#8221; button_letter_spacing=&#8221;1.5px&#8221; button_font=&#8221;Lato||||||||&#8221; button_icon=&#8221;%%19%%&#8221; button_icon_placement=&#8221;left&#8221; button_on_hover=&#8221;off&#8221; custom_margin=&#8221;||||false|false&#8221; custom_padding=&#8221;|20px||30px|false|false&#8221; global_colors_info=&#8221;{}&#8221;][\/et_pb_button][\/et_pb_column][et_pb_column type=&#8221;1_2&#8243; _builder_version=&#8221;4.4.5&#8243; global_colors_info=&#8221;{}&#8221;][\/et_pb_column][\/et_pb_row][\/et_pb_section][et_pb_section fb_built=&#8221;1&#8243; disabled_on=&#8221;on|off|off&#8221; _builder_version=&#8221;4.9.4&#8243; background_color=&#8221;#f4f4f4&#8243; custom_padding=&#8221;60px||60px||true|&#8221; global_module=&#8221;2129&#8243; global_colors_info=&#8221;{}&#8221;][et_pb_row column_structure=&#8221;1_6,1_6,1_6,1_6,1_6,1_6&#8243; use_custom_gutter=&#8221;on&#8221; gutter_width=&#8221;2&#8243; _builder_version=&#8221;4.4.5&#8243; custom_padding=&#8221;30px||29px|||&#8221; global_colors_info=&#8221;{}&#8221;][et_pb_column type=&#8221;1_6&#8243; _builder_version=&#8221;4.4.5&#8243; global_colors_info=&#8221;{}&#8221;][et_pb_image src=&#8221;http:\/\/ancei.com\/wp-content\/uploads\/2020\/08\/ANCEI-Jaume-Torres-Segura-270&#215;300.jpg&#8221; title_text=&#8221;ANCEI | Jaume Torres Segura&#8221; url=&#8221;https:\/\/ancei.com\/ca\/jaume-torres\/&#8221; _builder_version=&#8221;4.4.5&#8243; border_radii=&#8221;on|5px|5px|5px|5px&#8221; global_colors_info=&#8221;{}&#8221;][\/et_pb_image][\/et_pb_column][et_pb_column type=&#8221;1_6&#8243; _builder_version=&#8221;4.4.5&#8243; global_colors_info=&#8221;{}&#8221;][et_pb_image src=&#8221;http:\/\/ancei.com\/wp-content\/uploads\/2020\/08\/ANCEI-Jaume-Coca-Marti\u0301-270&#215;300.jpg&#8221; title_text=&#8221;ANCEI | Jaume Coca Marti\u0301&#8221; url=&#8221;https:\/\/ancei.com\/ca\/jaume-coca\/&#8221; _builder_version=&#8221;4.4.5&#8243; border_radii=&#8221;on|5px|5px|5px|5px&#8221; global_colors_info=&#8221;{}&#8221;][\/et_pb_image][\/et_pb_column][et_pb_column type=&#8221;1_6&#8243; _builder_version=&#8221;4.4.5&#8243; global_colors_info=&#8221;{}&#8221;][et_pb_image src=&#8221;http:\/\/ancei.com\/wp-content\/uploads\/2020\/08\/ANCEI-Alena-Belash-270&#215;300.jpg&#8221; title_text=&#8221;ANCEI | Alena Belash&#8221; url=&#8221;https:\/\/ancei.com\/alena-belash\/&#8221; _builder_version=&#8221;4.4.5&#8243; border_radii=&#8221;on|5px|5px|5px|5px&#8221; global_colors_info=&#8221;{}&#8221;][\/et_pb_image][\/et_pb_column][et_pb_column type=&#8221;1_6&#8243; _builder_version=&#8221;4.4.5&#8243; global_colors_info=&#8221;{}&#8221;][et_pb_image src=&#8221;http:\/\/ancei.com\/wp-content\/uploads\/2020\/08\/ANCEI-Lidia-Lo\u0301pez-270&#215;300.jpg&#8221; title_text=&#8221;ANCEI | Lidia Lo\u0301pez&#8221; url=&#8221;https:\/\/ancei.com\/lidia-lopez\/&#8221; _builder_version=&#8221;4.4.5&#8243; border_radii=&#8221;on|5px|5px|5px|5px&#8221; global_colors_info=&#8221;{}&#8221;][\/et_pb_image][\/et_pb_column][et_pb_column type=&#8221;1_6&#8243; _builder_version=&#8221;4.4.5&#8243; global_colors_info=&#8221;{}&#8221;][et_pb_image src=&#8221;http:\/\/ancei.com\/wp-content\/uploads\/2020\/08\/ANCEI-Victor-Alcaide-270&#215;300.jpg&#8221; title_text=&#8221;ANCEI | Victor Alcaide&#8221; url=&#8221;https:\/\/ancei.com\/ca\/victor-alcaide\/&#8221; _builder_version=&#8221;4.4.5&#8243; border_radii=&#8221;on|5px|5px|5px|5px&#8221; global_colors_info=&#8221;{}&#8221;][\/et_pb_image][\/et_pb_column][et_pb_column type=&#8221;1_6&#8243; _builder_version=&#8221;4.4.5&#8243; global_colors_info=&#8221;{}&#8221;][et_pb_image src=&#8221;https:\/\/ancei.com\/wp-content\/uploads\/2021\/03\/Favicoin-ANCEI-Consultoria-Estrategica-Internacional-Andorra.png&#8221; title_text=&#8221;Favicoin | ANCEI Consultoria Estrat\u00e8gica Internacional Andorra&#8221; _builder_version=&#8221;4.9.4&#8243; _module_preset=&#8221;default&#8221; global_colors_info=&#8221;{}&#8221;][\/et_pb_image][\/et_pb_column][\/et_pb_row][\/et_pb_section]<\/p>\n","protected":false},"excerpt":{"rendered":"<p>V\u00cdCTOR ALCAIDEFiscalitat NacionalExperi\u00e8ncia Reconeguda en departaments comptables i financers des del 2012 Formaci\u00f3 Acad\u00e8mica &#8211; Diploma en Administraci\u00f3 i Direcci\u00f3 d&#8217;Empreses de la Universitat d&#8217;Andorra &#8211; M\u00e0ster en Direcci\u00f3 Financera i Control de l&#8217;IEBS Business School Idiomes Catal\u00e0, castell\u00e0 i angl\u00e8s<\/p>\n","protected":false},"author":1,"featured_media":0,"parent":0,"menu_order":0,"comment_status":"closed","ping_status":"closed","template":"","meta":{"_et_pb_use_builder":"on","_et_pb_old_content":"","_et_gb_content_width":"","footnotes":""},"class_list":["post-4955","page","type-page","status-publish","hentry"],"_links":{"self":[{"href":"https:\/\/ancei.com\/ca\/wp-json\/wp\/v2\/pages\/4955"}],"collection":[{"href":"https:\/\/ancei.com\/ca\/wp-json\/wp\/v2\/pages"}],"about":[{"href":"https:\/\/ancei.com\/ca\/wp-json\/wp\/v2\/types\/page"}],"author":[{"embeddable":true,"href":"https:\/\/ancei.com\/ca\/wp-json\/wp\/v2\/users\/1"}],"replies":[{"embeddable":true,"href":"https:\/\/ancei.com\/ca\/wp-json\/wp\/v2\/comments?post=4955"}],"version-history":[{"count":7,"href":"https:\/\/ancei.com\/ca\/wp-json\/wp\/v2\/pages\/4955\/revisions"}],"predecessor-version":[{"id":4984,"href":"https:\/\/ancei.com\/ca\/wp-json\/wp\/v2\/pages\/4955\/revisions\/4984"}],"wp:attachment":[{"href":"https:\/\/ancei.com\/ca\/wp-json\/wp\/v2\/media?parent=4955"}],"curies":[{"name":"wp","href":"https:\/\/api.w.org\/{rel}","templated":true}]}}