{"id":4898,"date":"2023-05-04T11:55:35","date_gmt":"2023-05-04T11:55:35","guid":{"rendered":"https:\/\/ancei.com\/les-retencions-fiscals-i-convenis-de-doble-imposicio\/"},"modified":"2024-10-08T14:40:52","modified_gmt":"2024-10-08T14:40:52","slug":"les-retencions-fiscals-i-convenis-de-doble-imposicio","status":"publish","type":"page","link":"https:\/\/ancei.com\/ca\/les-retencions-fiscals-i-convenis-de-doble-imposicio\/","title":{"rendered":"Les retencions fiscals i convenis de doble imposici\u00f3"},"content":{"rendered":"<p>[et_pb_section fb_built=&#8221;1&#8243; custom_padding_last_edited=&#8221;on|phone&#8221; _builder_version=&#8221;4.16&#8243; background_color=&#8221;#333333&#8243; background_enable_image=&#8221;off&#8221; custom_padding=&#8221;60px||60px||true|&#8221; custom_padding_tablet=&#8221;&#8221; custom_padding_phone=&#8221;30px||30px||true|false&#8221; global_colors_info=&#8221;{}&#8221;][et_pb_row _builder_version=&#8221;4.16&#8243; custom_padding=&#8221;30px||20px||false|false&#8221; global_colors_info=&#8221;{}&#8221;][et_pb_column type=&#8221;4_4&#8243; _builder_version=&#8221;4.16&#8243; global_colors_info=&#8221;{}&#8221;][et_pb_text content_phone=&#8221;<\/p>\n<h1><span>OBLIGACIONS FISCALS PER A RESIDENTS I NO RESIDENTS<\/span><\/h1>\n<p>&#8221; content_last_edited=&#8221;off|desktop&#8221; admin_label=&#8221;Title&#8221; _builder_version=&#8221;4.16&#8243; text_font=&#8221;||||||||&#8221; header_font=&#8221;Raleway|900|||||||&#8221; header_font_size=&#8221;60px&#8221; header_line_height=&#8221;1.5em&#8221; header_2_font=&#8221;Raleway|900|||||||&#8221; header_2_text_align=&#8221;center&#8221; header_2_font_size=&#8221;40px&#8221; header_2_letter_spacing=&#8221;2px&#8221; header_2_line_height=&#8221;1.25em&#8221; module_alignment=&#8221;center&#8221; custom_margin=&#8221;||||false|false&#8221; custom_padding=&#8221;|||&#8221; animation_style=&#8221;fade&#8221; header_font_size_tablet=&#8221;&#8221; header_font_size_phone=&#8221;30px&#8221; header_font_size_last_edited=&#8221;on|phone&#8221; header_2_font_size_tablet=&#8221;40px&#8221; header_2_font_size_phone=&#8221;&#8221; header_2_font_size_last_edited=&#8221;on|tablet&#8221; global_colors_info=&#8221;{}&#8221;]<\/p>\n<h1 style=\"text-align: left\"><span style=\"color: #ffffff\">RETENCIONS FISCALS I CONVENIS DE DOBLE IMPOSICI\u00d3<\/span><\/h1>\n<p>[\/et_pb_text][\/et_pb_column][\/et_pb_row][\/et_pb_section][et_pb_section fb_built=&#8221;1&#8243; admin_label=&#8221;Service Section&#8221; _builder_version=&#8221;4.16&#8243; background_color=&#8221;#ffffff&#8221; background_enable_image=&#8221;off&#8221; background_position=&#8221;top_right&#8221; custom_padding=&#8221;60px||60px||true|&#8221; global_colors_info=&#8221;{}&#8221;][et_pb_row admin_label=&#8221;Service Area&#8221; _builder_version=&#8221;4.16&#8243; custom_padding=&#8221;0px||30px|||&#8221; global_colors_info=&#8221;{}&#8221;][et_pb_column type=&#8221;4_4&#8243; _builder_version=&#8221;4.16&#8243; custom_padding=&#8221;|||&#8221; global_colors_info=&#8221;{}&#8221; custom_padding__hover=&#8221;|||&#8221;][et_pb_text _builder_version=&#8221;4.16&#8243; text_font=&#8221;Lato||||||||&#8221; text_font_size=&#8221;20px&#8221; text_line_height=&#8221;2em&#8221; header_2_font=&#8221;Raleway|900|||||||&#8221; header_2_text_align=&#8221;center&#8221; header_2_text_color=&#8221;#b01f58&#8243; header_2_font_size=&#8221;40px&#8221; header_2_line_height=&#8221;1.5em&#8221; header_3_font=&#8221;Raleway|900|||||||&#8221; header_3_text_align=&#8221;center&#8221; header_3_text_color=&#8221;#b01f58&#8243; header_3_font_size=&#8221;28px&#8221; header_3_line_height=&#8221;1.5em&#8221; text_orientation=&#8221;justified&#8221; custom_margin=&#8221;||30px||false|false&#8221; text_font_size_tablet=&#8221;&#8221; text_font_size_phone=&#8221;18px&#8221; text_font_size_last_edited=&#8221;on|phone&#8221; header_3_font_size_phone=&#8221;20px&#8221; header_3_font_size_last_edited=&#8221;off|desktop&#8221; text_orientation_tablet=&#8221;&#8221; text_orientation_phone=&#8221;left&#8221; text_orientation_last_edited=&#8221;on|desktop&#8221; global_colors_info=&#8221;{}&#8221;]<\/p>\n<p>Aspectes com la internacionalitzaci\u00f3 dels negocis o l&#8217;auge del teletreball i la mobilitat de les persones f\u00edsiques augmenten la import\u00e0ncia de la fiscalitat vinculada a les relacions internacionals en el m\u00f3n empresarial. Les normatives internes dels diferents pa\u00efsos acostumen a regular una s\u00e8rie de retencions a aplicar, en l&#8217;origen, sobre aquelles rendes obtingudes en el seu territori. Per exemple, \u00e9s habitual que els pa\u00efsos apliquin una retenci\u00f3 en el moment de pagar dividends, interessos i c\u00e0nons, entre altres rendes, o, senzillament, factures a no residents. Aquest fet, pot complicar les relacions econ\u00f2miques amb determinats pa\u00efsos. Precisament, per a poder <strong>fomentar l&#8217;impuls d&#8217;inversions<\/strong> i, al mateix temps, <strong>facilitar les relacions econ\u00f2miques entre pa\u00efsos<\/strong> existeixen acords bilaterals que permeten aconseguir un millor tracte fiscal. Aquests acords bilaterals s\u00f3n els denominats &#8220;convenis per a evitar la doble imposici\u00f3&#8221;.<\/p>\n<p>[\/et_pb_text][et_pb_divider divider_position=&#8221;center&#8221; divider_weight=&#8221;3px&#8221; _builder_version=&#8221;4.16&#8243; max_width=&#8221;70px&#8221; module_alignment=&#8221;center&#8221; custom_margin=&#8221;||30px|||&#8221; animation_direction=&#8221;top&#8221; locked=&#8221;off&#8221; global_colors_info=&#8221;{}&#8221;][\/et_pb_divider][et_pb_text _builder_version=&#8221;4.16&#8243; text_font=&#8221;Lato||||||||&#8221; text_font_size=&#8221;20px&#8221; text_line_height=&#8221;2em&#8221; header_2_font=&#8221;Raleway|900|||||||&#8221; header_2_text_align=&#8221;center&#8221; header_2_text_color=&#8221;#b01f58&#8243; header_2_font_size=&#8221;40px&#8221; header_2_line_height=&#8221;1.5em&#8221; text_orientation=&#8221;justified&#8221; custom_margin=&#8221;||||false|false&#8221; text_font_size_tablet=&#8221;&#8221; text_font_size_phone=&#8221;18px&#8221; text_font_size_last_edited=&#8221;on|phone&#8221; header_2_font_size_tablet=&#8221;&#8221; header_2_font_size_phone=&#8221;30px&#8221; header_2_font_size_last_edited=&#8221;on|phone&#8221; text_orientation_tablet=&#8221;&#8221; text_orientation_phone=&#8221;left&#8221; text_orientation_last_edited=&#8221;on|desktop&#8221; global_colors_info=&#8221;{}&#8221;]<\/p>\n<h2>QU\u00c8 SON I PER A QU\u00c8 SERVEIXEN ELS CONVENIS PER A EVITAR LA DOBLE IMPOSICI\u00d3?<\/h2>\n<p>Els convenis per a evitar la doble imposici\u00f3 s\u00f3n acords bilaterals, entre pa\u00efsos, que permeten que les empreses obtinguin millors condicions fiscals en les seves relacions internacionals. Aquests, principalment, eviten que les empreses hagin de pagar dues vegades pel mateix concepte (la doble imposici\u00f3). I, addicionalment, tracten q\u00fcestions com les regles per a determinar la resid\u00e8ncia fiscal, les vies de comunicaci\u00f3 entre administracions tribut\u00e0ries, etc\u00e8tera.<\/p>\n<p>Per exemple, si una empresa andorrana t\u00e9 una filial a l&#8217;estranger, \u00e9s possible que, quan aquesta \u00faltima vulgui distribuir-li un dividend a la seva matriu, es trobi amb una retenci\u00f3 que greu el dividend a pagar. Aquesta retenci\u00f3 podria reduir-se o, fins i tot, eliminar-se amb un conveni per a evitar la doble imposici\u00f3 (CDI).<\/p>\n<p>[\/et_pb_text][et_pb_toggle title=&#8221; Quants convenis per a evitar la doble imposici\u00f3 t\u00e9 subscrits Andorra?&#8221; open_toggle_background_color=&#8221;#f4f4f4&#8243; closed_toggle_background_color=&#8221;#f4f4f4&#8243; _builder_version=&#8221;4.16&#8243; title_font=&#8221;Lato|700|||||||&#8221; title_font_size=&#8221;18px&#8221; title_line_height=&#8221;2em&#8221; closed_title_font=&#8221;Lato|700|||||||&#8221; closed_title_font_size=&#8221;18px&#8221; closed_title_line_height=&#8221;2em&#8221; body_font=&#8221;Lato||||||||&#8221; body_text_align=&#8221;justify&#8221; body_font_size=&#8221;18px&#8221; body_line_height=&#8221;2em&#8221; custom_margin=&#8221;||0px||false|false&#8221; title_font_size_tablet=&#8221;&#8221; title_font_size_phone=&#8221;16px&#8221; title_font_size_last_edited=&#8221;on|phone&#8221; closed_title_font_size_tablet=&#8221;&#8221; closed_title_font_size_phone=&#8221;16px&#8221; closed_title_font_size_last_edited=&#8221;on|phone&#8221; body_text_align_tablet=&#8221;&#8221; body_text_align_phone=&#8221;left&#8221; body_text_align_last_edited=&#8221;on|phone&#8221; body_font_size_tablet=&#8221;&#8221; body_font_size_phone=&#8221;16px&#8221; body_font_size_last_edited=&#8221;on|phone&#8221; border_width_all=&#8221;0px&#8221; global_colors_info=&#8221;{}&#8221;]<\/p>\n<p>Andorra ha signat vint convenis per evitar la doble imposici\u00f3 i actualment es troba en negociacions avan\u00e7ades amb altres pa\u00efsos a nivell internacional.<\/p>\n<p>Els convenis en vigor s\u00f3n: Fran\u00e7a, Luxemburg, Espanya, Emirats \u00c0rabs Units, Portugal, Liechtenstein, Malta, Xipre, San Marino, Hongria, Cro\u00e0cia, Rep\u00fablica Txeca, M\u00f2naco, Isl\u00e0ndia, Pa\u00efsos Baixos, Corea del Sud, Litu\u00e0nia, Let\u00f2nia, Montenegro, Romania.<\/p>\n<p>[\/et_pb_toggle][\/et_pb_column][\/et_pb_row][et_pb_row admin_label=&#8221;Service Area&#8221; _builder_version=&#8221;4.16&#8243; custom_padding=&#8221;0px||0px|||&#8221; global_colors_info=&#8221;{}&#8221;][et_pb_column type=&#8221;4_4&#8243; _builder_version=&#8221;4.16&#8243; custom_padding=&#8221;|||&#8221; global_colors_info=&#8221;{}&#8221; custom_padding__hover=&#8221;|||&#8221;][et_pb_text _builder_version=&#8221;4.16&#8243; text_font=&#8221;Lato||||||||&#8221; text_font_size=&#8221;20px&#8221; text_line_height=&#8221;2em&#8221; header_2_font=&#8221;Raleway|900|||||||&#8221; header_2_text_align=&#8221;center&#8221; header_2_text_color=&#8221;#b01f58&#8243; header_2_font_size=&#8221;40px&#8221; header_2_line_height=&#8221;1.5em&#8221; header_3_font=&#8221;Raleway|900|||||||&#8221; header_3_text_align=&#8221;center&#8221; header_3_text_color=&#8221;#b01f58&#8243; header_3_font_size=&#8221;28px&#8221; header_3_line_height=&#8221;1.5em&#8221; text_orientation=&#8221;justified&#8221; custom_margin=&#8221;||0px||false|false&#8221; text_font_size_tablet=&#8221;&#8221; text_font_size_phone=&#8221;18px&#8221; text_font_size_last_edited=&#8221;on|phone&#8221; header_3_font_size_phone=&#8221;20px&#8221; header_3_font_size_last_edited=&#8221;off|desktop&#8221; text_orientation_tablet=&#8221;&#8221; text_orientation_phone=&#8221;left&#8221; text_orientation_last_edited=&#8221;on|desktop&#8221; global_colors_info=&#8221;{}&#8221;]<\/p>\n<p>Aquests convenis bilaterals, a m\u00e9s d&#8217;aportar <strong> seguretat jur\u00eddica,<\/strong> pel simple fet de deixar definides les regles del joc i de permetre calcular l&#8217;impacte fiscal exacte de les operacions realitzades, suposen un <strong>important estalvi en impostos,<\/strong> pel fet d&#8217;evitar duplicitats en les factures tribut\u00e0ries; la qual cosa afavoreix a la internacionalitzaci\u00f3 de les empreses, perqu\u00e8 els convenis permeten ampliar mercats geogr\u00e0fics sense sotmetre aquestes operacions a una penalitzaci\u00f3 fiscal que pugui disminuir la competitivitat d&#8217;aquestes.<\/p>\n<p>Per exemple, quan una empresa andorrana vol prestar serveis a una empresa espanyola, en virtut del conveni per a evitar la doble imposici\u00f3, l&#8217;estat espanyol no aplica cap retenci\u00f3, en origen, a l&#8217;hora de pagar aquesta factura. De la mateixa manera, si una empresa andorrana t\u00e9 una filial espanyola, quan la filial vulgui repartir dividends a la seva matriu andorrana haur\u00e0 de practicar una retenci\u00f3 del 5% (si la participaci\u00f3 \u00e9s superior al 10%), en lloc d&#8217;una del 19%, que \u00e9s la que estableix la normativa espanyola per a residents.<\/p>\n<p>[\/et_pb_text][\/et_pb_column][\/et_pb_row][\/et_pb_section][et_pb_section fb_built=&#8221;1&#8243; fullwidth=&#8221;on&#8221; _builder_version=&#8221;4.16&#8243; _module_preset=&#8221;default&#8221; global_colors_info=&#8221;{}&#8221;][et_pb_fullwidth_image src=&#8221;https:\/\/ancei.com\/wp-content\/uploads\/2021\/03\/Montan\u0303a-Andorra-ANCEI.png&#8221; title_text=&#8221;Muntanya Andorra | ANCEI&#8221; _builder_version=&#8221;4.16&#8243; _module_preset=&#8221;default&#8221; global_colors_info=&#8221;{}&#8221;][\/et_pb_fullwidth_image][\/et_pb_section][et_pb_section fb_built=&#8221;1&#8243; _builder_version=&#8221;4.16&#8243; background_color=&#8221;#f4f4f4&#8243; background_enable_image=&#8221;off&#8221; background_position=&#8221;top_center&#8221; custom_padding=&#8221;60px||60px||true|&#8221; global_colors_info=&#8221;{}&#8221;][et_pb_row admin_label=&#8221;Service Area&#8221; _builder_version=&#8221;4.16&#8243; custom_padding=&#8221;0px||30px|||&#8221; global_colors_info=&#8221;{}&#8221;][et_pb_column type=&#8221;4_4&#8243; _builder_version=&#8221;4.16&#8243; custom_padding=&#8221;|||&#8221; global_colors_info=&#8221;{}&#8221; custom_padding__hover=&#8221;|||&#8221;][et_pb_text content_phone=&#8221;<\/p>\n<h2>CALCULEM QUANT T&#8217;ESTALVIARIES CANVIANT LA TEVA RESID\u00c8NCIA FISCAL A ANDORRA<\/h2>\n<p>&#8221; content_last_edited=&#8221;off|phone&#8221; admin_label=&#8221;Title&#8221; _builder_version=&#8221;4.16&#8243; text_font=&#8221;||||||||&#8221; header_font=&#8221;||||||||&#8221; header_2_font=&#8221;Raleway|900|||||||&#8221; header_2_text_align=&#8221;center&#8221; header_2_font_size=&#8221;40px&#8221; header_2_line_height=&#8221;1.5em&#8221; module_alignment=&#8221;center&#8221; custom_margin=&#8221;||10px|&#8221; custom_padding=&#8221;|||&#8221; header_2_font_size_tablet=&#8221;40px&#8221; header_2_font_size_phone=&#8221;30px&#8221; header_2_font_size_last_edited=&#8221;on|phone&#8221; global_colors_info=&#8221;{}&#8221;]<\/p>\n<h2>M\u00c9S SOBRE ELS CONVENIS DE DOBLE IMPOSICI\u00d3<\/h2>\n<p>[\/et_pb_text][et_pb_divider divider_position=&#8221;center&#8221; divider_weight=&#8221;3px&#8221; _builder_version=&#8221;4.16&#8243; max_width=&#8221;70px&#8221; module_alignment=&#8221;center&#8221; custom_margin=&#8221;||10px||false|false&#8221; animation_direction=&#8221;top&#8221; locked=&#8221;off&#8221; global_colors_info=&#8221;{}&#8221;][\/et_pb_divider][\/et_pb_column][\/et_pb_row][et_pb_row _builder_version=&#8221;4.16&#8243; custom_padding=&#8221;0px||0px|||&#8221; global_colors_info=&#8221;{}&#8221;][et_pb_column type=&#8221;4_4&#8243; _builder_version=&#8221;4.16&#8243; global_colors_info=&#8221;{}&#8221;][et_pb_contact_form use_spam_service=&#8221;on&#8221; recaptcha_list=&#8221;ANCEI|ANCEI-0&#8243; email=&#8221;contacte@ancei.com&#8221; custom_message=&#8221;FORMULARI M\u00d2DUL RETENCIONS FISCALS I CONVENIS DE DOBLE IMPOSICI\u00d3||et_pb_line_break_holder||Nom: %%Nom%% %%Cognom%%||et_pb_line_break_holder||Email: %%Email%%||et_pb_line_break_holder||M\u00f2bil: %%Tel\u00e8fon%%||et_pb_line_break_holder||Missatge: %%Missatge%%&#8221; success_message=&#8221;Gr\u00e0cies por contactar amb l&#8217;equip d&#8217;ANCEI! Aviat ens posarem en contacte amb tu.&#8221; submit_button_text=&#8221;CONTACTAR&#8221; _builder_version=&#8221;4.16&#8243; _unique_id=&#8221;dd8bfb95-7a14-4dd8-81f9-a63b114b0cf5&#8243; form_field_background_color=&#8221;#ffffff&#8221; form_field_font=&#8221;Lato||||||||&#8221; form_field_font_size=&#8221;18px&#8221; custom_button=&#8221;on&#8221; button_text_size=&#8221;20px&#8221; button_text_color=&#8221;#ffffff&#8221; button_bg_color=&#8221;#b01f58&#8243; button_border_width=&#8221;0px&#8221; button_border_color=&#8221;#ffffff&#8221; button_border_radius=&#8221;5px&#8221; button_letter_spacing=&#8221;2px&#8221; button_font=&#8221;Raleway||||||||&#8221; button_icon=&#8221;&#xe07e;||divi||400&#8243; button_custom_margin=&#8221;15px||||false|false&#8221; button_custom_padding=&#8221;10px||10px||false|false&#8221; button_text_size_tablet=&#8221;&#8221; button_text_size_phone=&#8221;18px&#8221; button_text_size_last_edited=&#8221;on|phone&#8221; button_icon_placement_phone=&#8221;right&#8221; button_icon_placement_last_edited=&#8221;off|phone&#8221; global_colors_info=&#8221;{}&#8221; custom_css_before_last_edited=&#8221;off|phone&#8221;][et_pb_contact_field field_id=&#8221;Nombre&#8221; field_title=&#8221;Nom&#8221; _builder_version=&#8221;4.16&#8243; global_colors_info=&#8221;{}&#8221; button_text_size__hover_enabled=&#8221;off&#8221; button_one_text_size__hover_enabled=&#8221;off&#8221; button_two_text_size__hover_enabled=&#8221;off&#8221; button_text_color__hover_enabled=&#8221;off&#8221; button_one_text_color__hover_enabled=&#8221;off&#8221; button_two_text_color__hover_enabled=&#8221;off&#8221; button_border_width__hover_enabled=&#8221;off&#8221; button_one_border_width__hover_enabled=&#8221;off&#8221; button_two_border_width__hover_enabled=&#8221;off&#8221; button_border_color__hover_enabled=&#8221;off&#8221; button_one_border_color__hover_enabled=&#8221;off&#8221; button_two_border_color__hover_enabled=&#8221;off&#8221; button_border_radius__hover_enabled=&#8221;off&#8221; button_one_border_radius__hover_enabled=&#8221;off&#8221; button_two_border_radius__hover_enabled=&#8221;off&#8221; button_letter_spacing__hover_enabled=&#8221;off&#8221; button_one_letter_spacing__hover_enabled=&#8221;off&#8221; button_two_letter_spacing__hover_enabled=&#8221;off&#8221; button_bg_color__hover_enabled=&#8221;off&#8221; button_one_bg_color__hover_enabled=&#8221;off&#8221; button_two_bg_color__hover_enabled=&#8221;off&#8221;][\/et_pb_contact_field][et_pb_contact_field field_id=&#8221;Apellido&#8221; field_title=&#8221;Cognom&#8221; _builder_version=&#8221;4.16&#8243; global_colors_info=&#8221;{}&#8221; button_text_size__hover_enabled=&#8221;off&#8221; button_one_text_size__hover_enabled=&#8221;off&#8221; button_two_text_size__hover_enabled=&#8221;off&#8221; button_text_color__hover_enabled=&#8221;off&#8221; button_one_text_color__hover_enabled=&#8221;off&#8221; button_two_text_color__hover_enabled=&#8221;off&#8221; button_border_width__hover_enabled=&#8221;off&#8221; button_one_border_width__hover_enabled=&#8221;off&#8221; button_two_border_width__hover_enabled=&#8221;off&#8221; button_border_color__hover_enabled=&#8221;off&#8221; button_one_border_color__hover_enabled=&#8221;off&#8221; button_two_border_color__hover_enabled=&#8221;off&#8221; button_border_radius__hover_enabled=&#8221;off&#8221; button_one_border_radius__hover_enabled=&#8221;off&#8221; button_two_border_radius__hover_enabled=&#8221;off&#8221; button_letter_spacing__hover_enabled=&#8221;off&#8221; button_one_letter_spacing__hover_enabled=&#8221;off&#8221; button_two_letter_spacing__hover_enabled=&#8221;off&#8221; button_bg_color__hover_enabled=&#8221;off&#8221; button_one_bg_color__hover_enabled=&#8221;off&#8221; button_two_bg_color__hover_enabled=&#8221;off&#8221;][\/et_pb_contact_field][et_pb_contact_field field_id=&#8221;Email&#8221; field_title=&#8221;Email&#8221; field_type=&#8221;email&#8221; _builder_version=&#8221;4.16&#8243; global_colors_info=&#8221;{}&#8221; button_text_size__hover_enabled=&#8221;off&#8221; button_one_text_size__hover_enabled=&#8221;off&#8221; button_two_text_size__hover_enabled=&#8221;off&#8221; button_text_color__hover_enabled=&#8221;off&#8221; button_one_text_color__hover_enabled=&#8221;off&#8221; button_two_text_color__hover_enabled=&#8221;off&#8221; button_border_width__hover_enabled=&#8221;off&#8221; button_one_border_width__hover_enabled=&#8221;off&#8221; button_two_border_width__hover_enabled=&#8221;off&#8221; button_border_color__hover_enabled=&#8221;off&#8221; button_one_border_color__hover_enabled=&#8221;off&#8221; button_two_border_color__hover_enabled=&#8221;off&#8221; button_border_radius__hover_enabled=&#8221;off&#8221; button_one_border_radius__hover_enabled=&#8221;off&#8221; button_two_border_radius__hover_enabled=&#8221;off&#8221; button_letter_spacing__hover_enabled=&#8221;off&#8221; button_one_letter_spacing__hover_enabled=&#8221;off&#8221; button_two_letter_spacing__hover_enabled=&#8221;off&#8221; button_bg_color__hover_enabled=&#8221;off&#8221; button_one_bg_color__hover_enabled=&#8221;off&#8221; button_two_bg_color__hover_enabled=&#8221;off&#8221;][\/et_pb_contact_field][et_pb_contact_field field_id=&#8221;Tel\u00e9fono&#8221; field_title=&#8221;Tel\u00e8fon&#8221; _builder_version=&#8221;4.16&#8243; global_colors_info=&#8221;{}&#8221; button_text_size__hover_enabled=&#8221;off&#8221; button_one_text_size__hover_enabled=&#8221;off&#8221; button_two_text_size__hover_enabled=&#8221;off&#8221; button_text_color__hover_enabled=&#8221;off&#8221; button_one_text_color__hover_enabled=&#8221;off&#8221; button_two_text_color__hover_enabled=&#8221;off&#8221; button_border_width__hover_enabled=&#8221;off&#8221; button_one_border_width__hover_enabled=&#8221;off&#8221; button_two_border_width__hover_enabled=&#8221;off&#8221; button_border_color__hover_enabled=&#8221;off&#8221; button_one_border_color__hover_enabled=&#8221;off&#8221; button_two_border_color__hover_enabled=&#8221;off&#8221; button_border_radius__hover_enabled=&#8221;off&#8221; button_one_border_radius__hover_enabled=&#8221;off&#8221; button_two_border_radius__hover_enabled=&#8221;off&#8221; button_letter_spacing__hover_enabled=&#8221;off&#8221; button_one_letter_spacing__hover_enabled=&#8221;off&#8221; button_two_letter_spacing__hover_enabled=&#8221;off&#8221; button_bg_color__hover_enabled=&#8221;off&#8221; button_one_bg_color__hover_enabled=&#8221;off&#8221; button_two_bg_color__hover_enabled=&#8221;off&#8221;][\/et_pb_contact_field][et_pb_contact_field field_id=&#8221;Mensaje&#8221; field_title=&#8221;Missatge&#8221; field_type=&#8221;text&#8221; fullwidth_field=&#8221;on&#8221; _builder_version=&#8221;4.16&#8243; global_colors_info=&#8221;{}&#8221; button_text_size__hover_enabled=&#8221;off&#8221; button_one_text_size__hover_enabled=&#8221;off&#8221; button_two_text_size__hover_enabled=&#8221;off&#8221; button_text_color__hover_enabled=&#8221;off&#8221; button_one_text_color__hover_enabled=&#8221;off&#8221; button_two_text_color__hover_enabled=&#8221;off&#8221; button_border_width__hover_enabled=&#8221;off&#8221; button_one_border_width__hover_enabled=&#8221;off&#8221; button_two_border_width__hover_enabled=&#8221;off&#8221; button_border_color__hover_enabled=&#8221;off&#8221; button_one_border_color__hover_enabled=&#8221;off&#8221; button_two_border_color__hover_enabled=&#8221;off&#8221; button_border_radius__hover_enabled=&#8221;off&#8221; button_one_border_radius__hover_enabled=&#8221;off&#8221; button_two_border_radius__hover_enabled=&#8221;off&#8221; button_letter_spacing__hover_enabled=&#8221;off&#8221; button_one_letter_spacing__hover_enabled=&#8221;off&#8221; button_two_letter_spacing__hover_enabled=&#8221;off&#8221; button_bg_color__hover_enabled=&#8221;off&#8221; button_one_bg_color__hover_enabled=&#8221;off&#8221; button_two_bg_color__hover_enabled=&#8221;off&#8221;][\/et_pb_contact_field][et_pb_contact_field field_id=&#8221;PP&#8221; field_title=&#8221; &#8221; field_type=&#8221;checkbox&#8221; checkbox_options=&#8221;%91{%22value%22:%22He llegit i accepto la %22,%22checked%22:0,%22dragID%22:-1,%22link_text%22:%22Pol\u00edtica de Privacitat%22,%22link_url%22:%22https:\/\/ancei.com\/politica-de-privacitat\/%22}%93&#8243; fullwidth_field=&#8221;on&#8221; _builder_version=&#8221;4.16&#8243; global_colors_info=&#8221;{}&#8221;][\/et_pb_contact_field][\/et_pb_contact_form][et_pb_toggle title=&#8221;Resum de la Pol\u00edtica de Privacitat&#8221; open_toggle_background_color=&#8221;#ffffff&#8221; closed_toggle_background_color=&#8221;#ffffff&#8221; _builder_version=&#8221;4.16&#8243; title_font=&#8221;Lato|700|||||||&#8221; title_font_size=&#8221;18px&#8221; title_line_height=&#8221;2em&#8221; closed_title_font=&#8221;Lato|700|||||||&#8221; closed_title_font_size=&#8221;18px&#8221; closed_title_line_height=&#8221;2em&#8221; body_font=&#8221;Lato||||||||&#8221; body_text_align=&#8221;justify&#8221; body_font_size=&#8221;18px&#8221; body_line_height=&#8221;2em&#8221; custom_margin=&#8221;||||false|false&#8221; title_font_size_tablet=&#8221;&#8221; title_font_size_phone=&#8221;16px&#8221; title_font_size_last_edited=&#8221;on|phone&#8221; closed_title_font_size_tablet=&#8221;&#8221; closed_title_font_size_phone=&#8221;16px&#8221; closed_title_font_size_last_edited=&#8221;on|phone&#8221; body_text_align_tablet=&#8221;&#8221; body_text_align_phone=&#8221;left&#8221; body_text_align_last_edited=&#8221;on|phone&#8221; body_font_size_tablet=&#8221;&#8221; body_font_size_phone=&#8221;16px&#8221; body_font_size_last_edited=&#8221;on|phone&#8221; border_width_all=&#8221;0px&#8221; global_colors_info=&#8221;{}&#8221;]<\/p>\n<ul>\n<li><strong>Responsable del tractament:<\/strong> ANCEI Consultoria Estrat\u00e8gica Internacional, S.A.<\/li>\n<li><strong>Finalitat:<\/strong> Gestionar la sol\u00b7licitud de l&#8217;usuari.<\/li>\n<li><strong>Base jur\u00eddica:<\/strong> El consentiment de l&#8217;usuari.<\/li>\n<li><strong>Destinataris:<\/strong> Les seves dades no se cediran.<\/li>\n<li><strong>Conservaci\u00f3:<\/strong> Per\u00edode legal m\u00e0xim establert.<\/li>\n<li><strong>Drets de l&#8217;interessat:<\/strong> Accedir, rectificar i cancel\u00b7lar les dades referents a la seva persona, oposar-se al tractament de les dades, sol\u00b7licitar la limitaci\u00f3 del tractament o la portabilitat de les dades.\n<div class=\"page\" title=\"Page 12\">\n<div class=\"layoutArea\">\u00a0<\/div>\n<\/div>\n<\/li>\n<\/ul>\n<p>Acc\u00e9s a la <a href=\"https:\/\/ancei.com\/politica-de-privacitat\/\">Pol\u00edtica de Privacitat<\/a> (versi\u00f3 completa).<\/p>\n<p>[\/et_pb_toggle][\/et_pb_column][\/et_pb_row][\/et_pb_section]<\/p>\n","protected":false},"excerpt":{"rendered":"<p>RETENCIONS FISCALS I CONVENIS DE DOBLE IMPOSICI\u00d3Aspectes com la internacionalitzaci\u00f3 dels negocis o l&#8217;auge del teletreball i la mobilitat de les persones f\u00edsiques augmenten la import\u00e0ncia de la fiscalitat vinculada a les relacions internacionals en el m\u00f3n empresarial. Les normatives internes dels diferents pa\u00efsos acostumen a regular una s\u00e8rie de retencions a aplicar, en l&#8217;origen, [&hellip;]<\/p>\n","protected":false},"author":1,"featured_media":0,"parent":0,"menu_order":0,"comment_status":"closed","ping_status":"closed","template":"","meta":{"_et_pb_use_builder":"on","_et_pb_old_content":"","_et_gb_content_width":"","footnotes":""},"class_list":["post-4898","page","type-page","status-publish","hentry"],"_links":{"self":[{"href":"https:\/\/ancei.com\/ca\/wp-json\/wp\/v2\/pages\/4898"}],"collection":[{"href":"https:\/\/ancei.com\/ca\/wp-json\/wp\/v2\/pages"}],"about":[{"href":"https:\/\/ancei.com\/ca\/wp-json\/wp\/v2\/types\/page"}],"author":[{"embeddable":true,"href":"https:\/\/ancei.com\/ca\/wp-json\/wp\/v2\/users\/1"}],"replies":[{"embeddable":true,"href":"https:\/\/ancei.com\/ca\/wp-json\/wp\/v2\/comments?post=4898"}],"version-history":[{"count":6,"href":"https:\/\/ancei.com\/ca\/wp-json\/wp\/v2\/pages\/4898\/revisions"}],"predecessor-version":[{"id":5038,"href":"https:\/\/ancei.com\/ca\/wp-json\/wp\/v2\/pages\/4898\/revisions\/5038"}],"wp:attachment":[{"href":"https:\/\/ancei.com\/ca\/wp-json\/wp\/v2\/media?parent=4898"}],"curies":[{"name":"wp","href":"https:\/\/api.w.org\/{rel}","templated":true}]}}