{"id":4844,"date":"2023-04-18T15:57:00","date_gmt":"2023-04-18T15:57:00","guid":{"rendered":"https:\/\/ancei.com\/jubilacio-a-andorra\/"},"modified":"2023-04-18T15:57:01","modified_gmt":"2023-04-18T15:57:01","slug":"jubilacio-a-andorra","status":"publish","type":"page","link":"https:\/\/ancei.com\/ca\/jubilacio-a-andorra\/","title":{"rendered":"Jubilaci\u00f3 a Andorra"},"content":{"rendered":"<p>[et_pb_section fb_built=&#8221;1&#8243; custom_padding_last_edited=&#8221;on|phone&#8221; _builder_version=&#8221;4.7.4&#8243; background_color=&#8221;#333333&#8243; background_enable_image=&#8221;off&#8221; custom_padding=&#8221;60px||60px||true|&#8221; custom_padding_tablet=&#8221;&#8221; custom_padding_phone=&#8221;30px||30px||true|false&#8221;][et_pb_row _builder_version=&#8221;4.7.4&#8243; custom_padding=&#8221;30px||20px||false|false&#8221;][et_pb_column type=&#8221;4_4&#8243; _builder_version=&#8221;4.4.5&#8243;][et_pb_text content_phone=&#8221;<\/p>\n<h1><span>OBLIGACIONS FISCALS PER A RESIDENTS I NO RESIDENTS<\/span><\/h1>\n<p>&#8221; content_last_edited=&#8221;off|desktop&#8221; admin_label=&#8221;Title&#8221; _builder_version=&#8221;4.7.4&#8243; text_font=&#8221;||||||||&#8221; header_font=&#8221;Raleway|900|||||||&#8221; header_font_size=&#8221;60px&#8221; header_line_height=&#8221;1.5em&#8221; header_2_font=&#8221;Raleway|900|||||||&#8221; header_2_text_align=&#8221;center&#8221; header_2_font_size=&#8221;40px&#8221; header_2_letter_spacing=&#8221;2px&#8221; header_2_line_height=&#8221;1.25em&#8221; module_alignment=&#8221;center&#8221; custom_margin=&#8221;||||false|false&#8221; custom_padding=&#8221;|||&#8221; animation_style=&#8221;fade&#8221; header_font_size_tablet=&#8221;&#8221; header_font_size_phone=&#8221;30px&#8221; header_font_size_last_edited=&#8221;on|phone&#8221; header_2_font_size_tablet=&#8221;40px&#8221; header_2_font_size_phone=&#8221;&#8221; header_2_font_size_last_edited=&#8221;on|tablet&#8221;]<\/p>\n<h1 style=\"text-align: left\"><span style=\"color: #ffffff\">JUBILACI\u00d3 A ANDORRA<\/span><\/h1>\n<p>[\/et_pb_text][\/et_pb_column][\/et_pb_row][\/et_pb_section][et_pb_section fb_built=&#8221;1&#8243; admin_label=&#8221;Service Section&#8221; _builder_version=&#8221;4.4.5&#8243; background_color=&#8221;#ffffff&#8221; background_enable_image=&#8221;off&#8221; background_position=&#8221;top_right&#8221; custom_padding=&#8221;60px||60px||true|&#8221;][et_pb_row admin_label=&#8221;Service Area&#8221; _builder_version=&#8221;4.4.5&#8243; custom_padding=&#8221;0px||0px|||&#8221;][et_pb_column type=&#8221;4_4&#8243; _builder_version=&#8221;3.25&#8243; custom_padding=&#8221;|||&#8221; custom_padding__hover=&#8221;|||&#8221;][et_pb_text _builder_version=&#8221;4.7.4&#8243; text_font=&#8221;Lato||||||||&#8221; text_font_size=&#8221;20px&#8221; text_line_height=&#8221;2em&#8221; header_2_font=&#8221;Raleway|900|||||||&#8221; header_2_text_align=&#8221;center&#8221; header_2_text_color=&#8221;#b01f58&#8243; header_2_font_size=&#8221;40px&#8221; header_2_line_height=&#8221;1.5em&#8221; header_3_font=&#8221;Raleway|900|||||||&#8221; header_3_text_align=&#8221;center&#8221; header_3_text_color=&#8221;#b01f58&#8243; header_3_font_size=&#8221;28px&#8221; header_3_line_height=&#8221;1.5em&#8221; text_orientation=&#8221;justified&#8221; custom_margin=&#8221;||0px||false|false&#8221; text_font_size_tablet=&#8221;&#8221; text_font_size_phone=&#8221;18px&#8221; text_font_size_last_edited=&#8221;on|phone&#8221; header_3_font_size_phone=&#8221;20px&#8221; header_3_font_size_last_edited=&#8221;off|desktop&#8221; text_orientation_tablet=&#8221;&#8221; text_orientation_phone=&#8221;left&#8221; text_orientation_last_edited=&#8221;on|desktop&#8221;]<\/p>\n<p><strong>L&#8217;esperan\u00e7a de vida continua augmentant,<\/strong> de manera sostenible, gr\u00e0cies als tots aquests avan\u00e7os nutricionals, higi\u00e8nics i m\u00e8dics que es porten produint generaci\u00f3 rere generaci\u00f3. Andorra, a m\u00e9s, pot presumir de ser un dels pa\u00efsos amb una major esperan\u00e7a de vida. Els factors que contribueixen a la consecuci\u00f3 d&#8217;aquesta fita s\u00f3n els seg\u00fcents:<\/p>\n<p><strong><span style=\"color: #b01f58\">&#8211; Situaci\u00f3:<\/span><\/strong> Andorra est\u00e0 situat en un <strong>entorn privilegiat,<\/strong> les seves muntanyes s\u00f3n una f\u00e0brica d&#8217;aire pur; ajuden a reduir, notablement, l&#8217;\u00edndex de contaminaci\u00f3. A m\u00e9s, t\u00e9 un <strong>bon clima,<\/strong> caracteritzat per uns baixos nivells d&#8217;humitat, que fan que les temperatures, tant de l&#8217;hivern com de l&#8217;estiu, siguin molt m\u00e9s suportables.<\/p>\n<p><span style=\"color: #b01f58\"><strong>&#8211; Seguretat:<\/strong><\/span> <strong>Andorra \u00e9s un dels pa\u00efsos m\u00e9s segurs del m\u00f3n, <\/strong>segons el Travel Risk Map. T\u00e9 un \u00edndex de criminalitat molt baix i, a m\u00e9s, mai ha participat en una guerra.<\/p>\n<p><strong><span style=\"color: #b01f58\">&#8211; Salut:<\/span> Andorra compta amb un dels millors sistemes sanitaris del m\u00f3n:<\/strong> eficient i modern, amb diversos convenis assistencials que permeten que els seus residents es tractin patologies greus en pa\u00efsos pr\u00f2xims. I, a m\u00e9s, Andorra promou un estil de vida i uns h\u00e0bits saludables basats en la dieta mediterr\u00e0nia i l&#8217;esport, integrat en un entorn natural, sense grans aglomeracions ni fonts d&#8217;estr\u00e8s.<\/p>\n<p>La <strong>qualitat de vida<\/strong> que t&#8217;ofereix Andorra, per la seva situaci\u00f3 geogr\u00e0fica, la seva seguretat i el seu sistema sanitari, al costat de la seva <strong>atractiva <a href=\"https:\/\/ancei.com\/cambio-residencia-fiscal-andorra\/\">fiscalitat<\/a>,<\/strong> que et permetr\u00e0 fer un \u00fas m\u00e9s eficient dels teus recursos, fan del pa\u00eds <strong>una bona destinaci\u00f3 on gaudir d&#8217;una jubilaci\u00f3 agradable.<\/strong><\/p>\n<p>Andorra no sols et permetr\u00e0 trobar la m\u00e9s absoluta tranquil\u00b7litat en entorn de somni, sin\u00f3 que tamb\u00e9 et proporcionar\u00e0 una assist\u00e8ncia sanit\u00e0ria de primer nivell, en cas de necessitar-la. Vine i cuida la teva alimentaci\u00f3, gr\u00e0cies a la nostra \u00e0mplia oferta gastron\u00f2mica, pr\u00e0ctica exercici a l&#8217;aire lliure i mantingues una vida social activa, gr\u00e0cies a la societat multicultural intel\u00b7lectualment inquieta que caracteritza al Principat. A m\u00e9s, Andorra, com a pa\u00eds i territori, t\u00e9 una particularitat interessant, i \u00e9s que la seva grand\u00e0ria i dist\u00e0ncies et permetran reduir despla\u00e7aments i, per tant, guanyar temps. Temps que podr\u00e0s invertir en oci, cura personal, gr\u00e0cies a l&#8217;\u00e0mplia xarxa de centres esportius i termals, i molt m\u00e9s. Relaxa&#8217;t i planifica, al nostre pa\u00eds, el teu patrimoni i <a href=\"https:\/\/ancei.com\/planificacion-de-herencias\/\">successi\u00f3<\/a>.<\/p>\n<p>[\/et_pb_text][\/et_pb_column][\/et_pb_row][\/et_pb_section][et_pb_section fb_built=&#8221;1&#8243; fullwidth=&#8221;on&#8221; _builder_version=&#8221;4.7.4&#8243; _module_preset=&#8221;default&#8221;][et_pb_fullwidth_image src=&#8221;https:\/\/ancei.com\/wp-content\/uploads\/2021\/03\/Montan\u0303a-Andorra-ANCEI.png&#8221; title_text=&#8221;Muntanya Andorra | ANCEI&#8221; _builder_version=&#8221;4.9.1&#8243; _module_preset=&#8221;default&#8221;][\/et_pb_fullwidth_image][\/et_pb_section][et_pb_section fb_built=&#8221;1&#8243; _builder_version=&#8221;4.4.5&#8243; background_color=&#8221;#f4f4f4&#8243; background_enable_image=&#8221;off&#8221; background_position=&#8221;top_center&#8221; custom_padding=&#8221;60px||60px||true|&#8221;][et_pb_row admin_label=&#8221;Service Area&#8221; _builder_version=&#8221;3.25&#8243; custom_padding=&#8221;0px||30px|||&#8221;][et_pb_column type=&#8221;4_4&#8243; _builder_version=&#8221;3.25&#8243; custom_padding=&#8221;|||&#8221; custom_padding__hover=&#8221;|||&#8221;][et_pb_text content_phone=&#8221;<\/p>\n<h2>CALCULEM QUANT T&#8217;ESTALVIARIES CANVIANT LA TEVA RESID\u00c8NCIA FISCAL A ANDORRA<\/h2>\n<p>&#8221; content_last_edited=&#8221;off|phone&#8221; admin_label=&#8221;Title&#8221; _builder_version=&#8221;4.7.4&#8243; text_font=&#8221;||||||||&#8221; header_font=&#8221;||||||||&#8221; header_2_font=&#8221;Raleway|900|||||||&#8221; header_2_text_align=&#8221;center&#8221; header_2_font_size=&#8221;40px&#8221; header_2_line_height=&#8221;1.5em&#8221; module_alignment=&#8221;center&#8221; custom_margin=&#8221;||10px|&#8221; custom_padding=&#8221;|||&#8221; header_2_font_size_tablet=&#8221;40px&#8221; header_2_font_size_phone=&#8221;30px&#8221; header_2_font_size_last_edited=&#8221;on|phone&#8221;]<\/p>\n<h2>JUBILA&#8217;T A ANDORRA, T&#8217;AJUDEM<\/h2>\n<p>[\/et_pb_text][et_pb_divider divider_position=&#8221;center&#8221; divider_weight=&#8221;3px&#8221; _builder_version=&#8221;4.9.1&#8243; max_width=&#8221;70px&#8221; module_alignment=&#8221;center&#8221; custom_margin=&#8221;||10px||false|false&#8221; animation_direction=&#8221;top&#8221; locked=&#8221;off&#8221;][\/et_pb_divider][\/et_pb_column][\/et_pb_row][et_pb_row _builder_version=&#8221;4.4.5&#8243; custom_padding=&#8221;0px||0px|||&#8221;][et_pb_column type=&#8221;4_4&#8243; _builder_version=&#8221;4.4.5&#8243;][et_pb_contact_form use_spam_service=&#8221;on&#8221; recaptcha_list=&#8221;ANCEI|ANCEI-0&#8243; email=&#8221;contacte@ancei.com&#8221; custom_message=&#8221;FORMULARI M\u00d2DUL JUBILACI\u00d3 A ANDORRA||et_pb_line_break_holder||Nom: %%Nom%% %%Cognom%%||et_pb_line_break_holder||Email: %%Email%%||et_pb_line_break_holder||M\u00f2bil: %%Tel\u00e8fon%%||et_pb_line_break_holder||Missatge: %%Missatge%%&#8221; success_message=&#8221;\u00a1Gr\u00e0cies por contactar amb l&#039;equip d&#039;ANCEI! Aviat ens posarem en contacte amb tu.&#8221; submit_button_text=&#8221;CONTACTAR&#8221; _builder_version=&#8221;4.9.1&#8243; form_field_background_color=&#8221;#ffffff&#8221; form_field_font=&#8221;Lato||||||||&#8221; form_field_font_size=&#8221;18px&#8221; custom_button=&#8221;on&#8221; button_text_size=&#8221;20px&#8221; button_text_color=&#8221;#ffffff&#8221; button_bg_color=&#8221;#b01f58&#8243; button_border_width=&#8221;0px&#8221; button_border_color=&#8221;#ffffff&#8221; button_border_radius=&#8221;5px&#8221; button_letter_spacing=&#8221;2px&#8221; button_font=&#8221;Raleway||||||||&#8221; button_icon=&#8221;%%246%%&#8221; button_custom_margin=&#8221;15px||||false|false&#8221; button_custom_padding=&#8221;10px||10px||false|false&#8221; button_text_size_tablet=&#8221;&#8221; button_text_size_phone=&#8221;18px&#8221; button_text_size_last_edited=&#8221;on|phone&#8221; button_icon_placement_phone=&#8221;right&#8221; button_icon_placement_last_edited=&#8221;off|phone&#8221; custom_css_before_last_edited=&#8221;off|phone&#8221;][et_pb_contact_field field_id=&#8221;Nombre&#8221; field_title=&#8221;Nom&#8221; _builder_version=&#8221;4.4.5&#8243; button_text_size__hover_enabled=&#8221;off&#8221; button_one_text_size__hover_enabled=&#8221;off&#8221; button_two_text_size__hover_enabled=&#8221;off&#8221; button_text_color__hover_enabled=&#8221;off&#8221; button_one_text_color__hover_enabled=&#8221;off&#8221; button_two_text_color__hover_enabled=&#8221;off&#8221; button_border_width__hover_enabled=&#8221;off&#8221; button_one_border_width__hover_enabled=&#8221;off&#8221; button_two_border_width__hover_enabled=&#8221;off&#8221; button_border_color__hover_enabled=&#8221;off&#8221; button_one_border_color__hover_enabled=&#8221;off&#8221; button_two_border_color__hover_enabled=&#8221;off&#8221; button_border_radius__hover_enabled=&#8221;off&#8221; button_one_border_radius__hover_enabled=&#8221;off&#8221; button_two_border_radius__hover_enabled=&#8221;off&#8221; button_letter_spacing__hover_enabled=&#8221;off&#8221; button_one_letter_spacing__hover_enabled=&#8221;off&#8221; button_two_letter_spacing__hover_enabled=&#8221;off&#8221; button_bg_color__hover_enabled=&#8221;off&#8221; button_one_bg_color__hover_enabled=&#8221;off&#8221; button_two_bg_color__hover_enabled=&#8221;off&#8221;][\/et_pb_contact_field][et_pb_contact_field field_id=&#8221;Apellido&#8221; field_title=&#8221;Cognom&#8221; _builder_version=&#8221;4.4.5&#8243; button_text_size__hover_enabled=&#8221;off&#8221; button_one_text_size__hover_enabled=&#8221;off&#8221; button_two_text_size__hover_enabled=&#8221;off&#8221; button_text_color__hover_enabled=&#8221;off&#8221; button_one_text_color__hover_enabled=&#8221;off&#8221; button_two_text_color__hover_enabled=&#8221;off&#8221; button_border_width__hover_enabled=&#8221;off&#8221; button_one_border_width__hover_enabled=&#8221;off&#8221; button_two_border_width__hover_enabled=&#8221;off&#8221; button_border_color__hover_enabled=&#8221;off&#8221; button_one_border_color__hover_enabled=&#8221;off&#8221; button_two_border_color__hover_enabled=&#8221;off&#8221; button_border_radius__hover_enabled=&#8221;off&#8221; button_one_border_radius__hover_enabled=&#8221;off&#8221; button_two_border_radius__hover_enabled=&#8221;off&#8221; button_letter_spacing__hover_enabled=&#8221;off&#8221; button_one_letter_spacing__hover_enabled=&#8221;off&#8221; button_two_letter_spacing__hover_enabled=&#8221;off&#8221; button_bg_color__hover_enabled=&#8221;off&#8221; button_one_bg_color__hover_enabled=&#8221;off&#8221; button_two_bg_color__hover_enabled=&#8221;off&#8221;][\/et_pb_contact_field][et_pb_contact_field field_id=&#8221;Email&#8221; field_title=&#8221;Email&#8221; field_type=&#8221;email&#8221; _builder_version=&#8221;4.4.5&#8243; button_text_size__hover_enabled=&#8221;off&#8221; button_one_text_size__hover_enabled=&#8221;off&#8221; button_two_text_size__hover_enabled=&#8221;off&#8221; button_text_color__hover_enabled=&#8221;off&#8221; button_one_text_color__hover_enabled=&#8221;off&#8221; button_two_text_color__hover_enabled=&#8221;off&#8221; button_border_width__hover_enabled=&#8221;off&#8221; button_one_border_width__hover_enabled=&#8221;off&#8221; button_two_border_width__hover_enabled=&#8221;off&#8221; button_border_color__hover_enabled=&#8221;off&#8221; button_one_border_color__hover_enabled=&#8221;off&#8221; button_two_border_color__hover_enabled=&#8221;off&#8221; button_border_radius__hover_enabled=&#8221;off&#8221; button_one_border_radius__hover_enabled=&#8221;off&#8221; button_two_border_radius__hover_enabled=&#8221;off&#8221; button_letter_spacing__hover_enabled=&#8221;off&#8221; button_one_letter_spacing__hover_enabled=&#8221;off&#8221; button_two_letter_spacing__hover_enabled=&#8221;off&#8221; button_bg_color__hover_enabled=&#8221;off&#8221; button_one_bg_color__hover_enabled=&#8221;off&#8221; button_two_bg_color__hover_enabled=&#8221;off&#8221;][\/et_pb_contact_field][et_pb_contact_field field_id=&#8221;Tel\u00e9fono&#8221; field_title=&#8221;Tel\u00e8fon&#8221; _builder_version=&#8221;4.4.5&#8243; button_text_size__hover_enabled=&#8221;off&#8221; button_one_text_size__hover_enabled=&#8221;off&#8221; button_two_text_size__hover_enabled=&#8221;off&#8221; button_text_color__hover_enabled=&#8221;off&#8221; button_one_text_color__hover_enabled=&#8221;off&#8221; button_two_text_color__hover_enabled=&#8221;off&#8221; button_border_width__hover_enabled=&#8221;off&#8221; button_one_border_width__hover_enabled=&#8221;off&#8221; button_two_border_width__hover_enabled=&#8221;off&#8221; button_border_color__hover_enabled=&#8221;off&#8221; button_one_border_color__hover_enabled=&#8221;off&#8221; button_two_border_color__hover_enabled=&#8221;off&#8221; button_border_radius__hover_enabled=&#8221;off&#8221; button_one_border_radius__hover_enabled=&#8221;off&#8221; button_two_border_radius__hover_enabled=&#8221;off&#8221; button_letter_spacing__hover_enabled=&#8221;off&#8221; button_one_letter_spacing__hover_enabled=&#8221;off&#8221; button_two_letter_spacing__hover_enabled=&#8221;off&#8221; button_bg_color__hover_enabled=&#8221;off&#8221; button_one_bg_color__hover_enabled=&#8221;off&#8221; button_two_bg_color__hover_enabled=&#8221;off&#8221;][\/et_pb_contact_field][et_pb_contact_field field_id=&#8221;Mensaje&#8221; field_title=&#8221;Missatge&#8221; field_type=&#8221;text&#8221; fullwidth_field=&#8221;on&#8221; _builder_version=&#8221;4.4.5&#8243; button_text_size__hover_enabled=&#8221;off&#8221; button_one_text_size__hover_enabled=&#8221;off&#8221; button_two_text_size__hover_enabled=&#8221;off&#8221; button_text_color__hover_enabled=&#8221;off&#8221; button_one_text_color__hover_enabled=&#8221;off&#8221; button_two_text_color__hover_enabled=&#8221;off&#8221; button_border_width__hover_enabled=&#8221;off&#8221; button_one_border_width__hover_enabled=&#8221;off&#8221; button_two_border_width__hover_enabled=&#8221;off&#8221; button_border_color__hover_enabled=&#8221;off&#8221; button_one_border_color__hover_enabled=&#8221;off&#8221; button_two_border_color__hover_enabled=&#8221;off&#8221; button_border_radius__hover_enabled=&#8221;off&#8221; button_one_border_radius__hover_enabled=&#8221;off&#8221; button_two_border_radius__hover_enabled=&#8221;off&#8221; button_letter_spacing__hover_enabled=&#8221;off&#8221; button_one_letter_spacing__hover_enabled=&#8221;off&#8221; button_two_letter_spacing__hover_enabled=&#8221;off&#8221; button_bg_color__hover_enabled=&#8221;off&#8221; button_one_bg_color__hover_enabled=&#8221;off&#8221; button_two_bg_color__hover_enabled=&#8221;off&#8221;][\/et_pb_contact_field][et_pb_contact_field field_id=&#8221;PP&#8221; field_title=&#8221; &#8221; field_type=&#8221;checkbox&#8221; checkbox_options=&#8221;%91{%22value%22:%22He llegit i accepto la %22,%22checked%22:0,%22dragID%22:-1,%22link_text%22:%22Pol\u00edtica de Privacitat%22,%22link_url%22:%22https:\\\/\\\/ancei.com\\\/politica-de-privacitat\\\/%22}%93&#8243; fullwidth_field=&#8221;on&#8221; _builder_version=&#8221;4.7.4&#8243;][\/et_pb_contact_field][\/et_pb_contact_form][et_pb_toggle title=&#8221;Resum de la Pol\u00edtica de Privacitat&#8221; open_toggle_background_color=&#8221;#ffffff&#8221; closed_toggle_background_color=&#8221;#ffffff&#8221; _builder_version=&#8221;4.7.4&#8243; title_font=&#8221;Lato|700|||||||&#8221; title_font_size=&#8221;18px&#8221; title_line_height=&#8221;2em&#8221; closed_title_font=&#8221;Lato|700|||||||&#8221; closed_title_font_size=&#8221;18px&#8221; closed_title_line_height=&#8221;2em&#8221; body_font=&#8221;Lato||||||||&#8221; body_text_align=&#8221;justify&#8221; body_font_size=&#8221;18px&#8221; body_line_height=&#8221;2em&#8221; custom_margin=&#8221;||||false|false&#8221; title_font_size_tablet=&#8221;&#8221; title_font_size_phone=&#8221;16px&#8221; title_font_size_last_edited=&#8221;on|phone&#8221; closed_title_font_size_tablet=&#8221;&#8221; closed_title_font_size_phone=&#8221;16px&#8221; closed_title_font_size_last_edited=&#8221;on|phone&#8221; body_text_align_tablet=&#8221;&#8221; body_text_align_phone=&#8221;left&#8221; body_text_align_last_edited=&#8221;on|phone&#8221; body_font_size_tablet=&#8221;&#8221; body_font_size_phone=&#8221;16px&#8221; body_font_size_last_edited=&#8221;on|phone&#8221; border_width_all=&#8221;0px&#8221;]<\/p>\n<ul>\n<li><strong>Responsable del tractament:<\/strong> ANCEI Consultor\u00eda Estrat\u00e9gica Internacional, S.A.<\/li>\n<li><strong>Finaltat:<\/strong>\u00a0Gestionar la sol\u00b7licitud de l&#8217;usuari.<\/li>\n<li><strong>Base jur\u00eddica:<\/strong> El consentiment de l&#8217;usuari.<\/li>\n<li><strong>Destinataris:<\/strong>\u00a0Les seves dades no es cediran.<\/li>\n<li><strong>Conservaci\u00f3:<\/strong> Per\u00edode legal m\u00e0xim establert.<\/li>\n<li><strong>Drets de l&#8217;interessat:<\/strong>\u00a0Accedir, rectificar i cancel\u00b7lar les dades referents a la seva persona, oposar-se al tractament de les dades, sol\u00b7licitar la limitaci\u00f3 del tractament o la portabilitat de les dades.\n<div class=\"page\" title=\"Page 12\">\n<div class=\"layoutArea\">\u00a0<\/div>\n<\/div>\n<\/li>\n<\/ul>\n<p>Acc\u00e9s a la <a href=\"https:\/\/ancei.com\/pol\u00edtica-de-privacitat\/\">Pol\u00edtica de Privacitat<\/a> (versi\u00f3 completa).<\/p>\n<p>[\/et_pb_toggle][\/et_pb_column][\/et_pb_row][\/et_pb_section]<\/p>\n","protected":false},"excerpt":{"rendered":"<p>JUBILACI\u00d3 A ANDORRAL&#8217;esperan\u00e7a de vida continua augmentant, de manera sostenible, gr\u00e0cies als tots aquests avan\u00e7os nutricionals, higi\u00e8nics i m\u00e8dics que es porten produint generaci\u00f3 rere generaci\u00f3. Andorra, a m\u00e9s, pot presumir de ser un dels pa\u00efsos amb una major esperan\u00e7a de vida. Els factors que contribueixen a la consecuci\u00f3 d&#8217;aquesta fita s\u00f3n els seg\u00fcents: &#8211; [&hellip;]<\/p>\n","protected":false},"author":1,"featured_media":0,"parent":0,"menu_order":0,"comment_status":"closed","ping_status":"closed","template":"","meta":{"_et_pb_use_builder":"on","_et_pb_old_content":"","_et_gb_content_width":"","footnotes":""},"class_list":["post-4844","page","type-page","status-publish","hentry"],"_links":{"self":[{"href":"https:\/\/ancei.com\/ca\/wp-json\/wp\/v2\/pages\/4844"}],"collection":[{"href":"https:\/\/ancei.com\/ca\/wp-json\/wp\/v2\/pages"}],"about":[{"href":"https:\/\/ancei.com\/ca\/wp-json\/wp\/v2\/types\/page"}],"author":[{"embeddable":true,"href":"https:\/\/ancei.com\/ca\/wp-json\/wp\/v2\/users\/1"}],"replies":[{"embeddable":true,"href":"https:\/\/ancei.com\/ca\/wp-json\/wp\/v2\/comments?post=4844"}],"version-history":[{"count":2,"href":"https:\/\/ancei.com\/ca\/wp-json\/wp\/v2\/pages\/4844\/revisions"}],"predecessor-version":[{"id":4846,"href":"https:\/\/ancei.com\/ca\/wp-json\/wp\/v2\/pages\/4844\/revisions\/4846"}],"wp:attachment":[{"href":"https:\/\/ancei.com\/ca\/wp-json\/wp\/v2\/media?parent=4844"}],"curies":[{"name":"wp","href":"https:\/\/api.w.org\/{rel}","templated":true}]}}